{"id":21641,"date":"2025-05-17T22:31:56","date_gmt":"2025-05-17T15:31:56","guid":{"rendered":"https:\/\/rdi.edu.vn\/?page_id=21641"},"modified":"2025-05-17T23:13:59","modified_gmt":"2025-05-17T16:13:59","slug":"quyet-dinh-dao-tao-tu-xa","status":"publish","type":"page","link":"https:\/\/rdi.edu.vn\/index.php\/quyet-dinh-dao-tao-tu-xa\/","title":{"rendered":"Quy\u1ebft \u0111\u1ecbnh \u0111\u00e0o t\u1ea1o t\u1eeb xa"},"content":{"rendered":"\t\t<div data-elementor-type=\"wp-page\" data-elementor-id=\"21641\" class=\"elementor elementor-21641\" data-elementor-settings=\"[]\">\n\t\t\t\t\t\t<div class=\"elementor-inner\">\n\t\t\t\t\t\t\t<div class=\"elementor-section-wrap\">\n\t\t\t\t\t\t\t<section class=\"elementor-section elementor-top-section elementor-element elementor-element-dfd72d6 elementor-section-boxed elementor-section-height-default elementor-section-height-default\" data-id=\"dfd72d6\" data-element_type=\"section\">\n\t\t\t\t\t\t<div class=\"elementor-container elementor-column-gap-default\">\n\t\t\t\t\t\t\t<div class=\"elementor-row\">\n\t\t\t\t\t<div class=\"elementor-column elementor-col-100 elementor-top-column elementor-element elementor-element-7d0ec99\" data-id=\"7d0ec99\" data-element_type=\"column\">\n\t\t\t<div class=\"elementor-column-wrap elementor-element-populated\">\n\t\t\t\t\t\t\t<div class=\"elementor-widget-wrap\">\n\t\t\t\t\t\t<div class=\"elementor-element elementor-element-2e37e31 elementor-widget elementor-widget-toggle\" data-id=\"2e37e31\" data-element_type=\"widget\" data-widget_type=\"toggle.default\">\n\t\t\t\t<div class=\"elementor-widget-container\">\n\t\t\t\t\t<div class=\"elementor-toggle\" role=\"tablist\">\n\t\t\t\t\t\t\t<div class=\"elementor-toggle-item\">\n\t\t\t\t\t<div id=\"elementor-tab-title-4841\" class=\"elementor-tab-title\" data-tab=\"1\" role=\"tab\" aria-controls=\"elementor-tab-content-4841\" aria-expanded=\"false\">\n\t\t\t\t\t\t\t\t\t\t\t\t<span class=\"elementor-toggle-icon elementor-toggle-icon-left\" aria-hidden=\"true\">\n\t\t\t\t\t\t\t\t\t\t\t\t\t\t\t<span class=\"elementor-toggle-icon-closed\"><i class=\"fas fa-caret-right\"><\/i><\/span>\n\t\t\t\t\t\t\t\t<span class=\"elementor-toggle-icon-opened\"><i class=\"elementor-toggle-icon-opened fas fa-caret-up\"><\/i><\/span>\n\t\t\t\t\t\t\t\t\t\t\t\t\t<\/span>\n\t\t\t\t\t\t\t\t\t\t\t\t<a href=\"\" class=\"elementor-toggle-title\">S\u1ed1 551\/Q\u0110-BGD\u0110T v\u1ec1 vi\u1ec7c m\u1edf kh\u00f3a \u0111\u00e0o t\u1ea1o \u0111\u1ea1i h\u1ecdc theo h\u00ecnh th\u1ee9c t\u1eeb xa c\u00e1c ng\u00e0nh: C\u00f4ng ngh\u1ec7 th\u00f4ng tin, K\u1ebf to\u00e1n, Qu\u1ea3n tr\u1ecb kinh doanh, ti\u1ebfng Anh<\/a>\n\t\t\t\t\t<\/div>\n\t\t\t\t\t<div id=\"elementor-tab-content-4841\" class=\"elementor-tab-content elementor-clearfix\" data-tab=\"1\" role=\"tabpanel\" aria-labelledby=\"elementor-tab-title-4841\"><iframe loading=\"lazy\" style=\"border: 0;\" src=\"https:\/\/drive.google.com\/file\/d\/1FI0gtJE2Bhj0bYQ9sqMyveWHnJM_bkVE\/preview\" width=\"100%\" height=\"700px\"><\/iframe><\/div>\n\t\t\t\t<\/div>\n\t\t\t\t\t\t\t<div class=\"elementor-toggle-item\">\n\t\t\t\t\t<div id=\"elementor-tab-title-4842\" class=\"elementor-tab-title\" data-tab=\"2\" role=\"tab\" aria-controls=\"elementor-tab-content-4842\" aria-expanded=\"false\">\n\t\t\t\t\t\t\t\t\t\t\t\t<span class=\"elementor-toggle-icon elementor-toggle-icon-left\" aria-hidden=\"true\">\n\t\t\t\t\t\t\t\t\t\t\t\t\t\t\t<span class=\"elementor-toggle-icon-closed\"><i class=\"fas fa-caret-right\"><\/i><\/span>\n\t\t\t\t\t\t\t\t<span class=\"elementor-toggle-icon-opened\"><i class=\"elementor-toggle-icon-opened fas fa-caret-up\"><\/i><\/span>\n\t\t\t\t\t\t\t\t\t\t\t\t\t<\/span>\n\t\t\t\t\t\t\t\t\t\t\t\t<a href=\"\" class=\"elementor-toggle-title\">S\u1ed1 1356\/Q\u0110-BGD\u0110T v\u1ec1 vi\u1ec7c m\u1edf kh\u00f3a \u0111\u00e0o t\u1ea1o \u0111\u1ea1i h\u1ecdc theo h\u00ecnh th\u1ee9c t\u1eeb xa c\u00e1c ng\u00e0nh: N\u00f4ng nghi\u1ec7p, Qu\u1ea3n tr\u1ecb v\u0103n ph\u00f2ng, V\u0103n h\u00f3a c\u00e1c d\u00e2n t\u1ed9c thi\u1ec3u s\u1ed1<\/a>\n\t\t\t\t\t<\/div>\n\t\t\t\t\t<div id=\"elementor-tab-content-4842\" class=\"elementor-tab-content elementor-clearfix\" data-tab=\"2\" role=\"tabpanel\" aria-labelledby=\"elementor-tab-title-4842\"><iframe loading=\"lazy\" style=\"border: 0;\" src=\"https:\/\/drive.google.com\/file\/d\/1OsR_y5oqDLr7lpessB_5cABowgUDo3el\/preview\" width=\"100%\" height=\"700px\"><\/iframe><\/div>\n\t\t\t\t<\/div>\n\t\t\t\t\t\t\t<div class=\"elementor-toggle-item\">\n\t\t\t\t\t<div id=\"elementor-tab-title-4843\" class=\"elementor-tab-title\" data-tab=\"3\" role=\"tab\" aria-controls=\"elementor-tab-content-4843\" aria-expanded=\"false\">\n\t\t\t\t\t\t\t\t\t\t\t\t<span class=\"elementor-toggle-icon elementor-toggle-icon-left\" aria-hidden=\"true\">\n\t\t\t\t\t\t\t\t\t\t\t\t\t\t\t<span class=\"elementor-toggle-icon-closed\"><i class=\"fas fa-caret-right\"><\/i><\/span>\n\t\t\t\t\t\t\t\t<span class=\"elementor-toggle-icon-opened\"><i class=\"elementor-toggle-icon-opened fas fa-caret-up\"><\/i><\/span>\n\t\t\t\t\t\t\t\t\t\t\t\t\t<\/span>\n\t\t\t\t\t\t\t\t\t\t\t\t<a href=\"\" class=\"elementor-toggle-title\">S\u1ed1 5947\/Q\u0110-BGD\u0110T v\u1ec1 vi\u1ec7c giao cho tr\u01b0\u1eddng \u0110\u1ea1i h\u1ecdc Tr\u00e0 Vinh \u0111\u00e0o t\u1ea1o tr\u00ecnh \u0111\u1ed9 \u0111\u1ea1i h\u1ecdc c\u00e1c ng\u00e0nh: Kinh t\u1ebf, T\u00e0i Ch\u00ednh - Ng\u00e2n h\u00e0ng, Gi\u00e1o d\u1ee5c m\u1ea7m non<\/a>\n\t\t\t\t\t<\/div>\n\t\t\t\t\t<div id=\"elementor-tab-content-4843\" class=\"elementor-tab-content elementor-clearfix\" data-tab=\"3\" role=\"tabpanel\" aria-labelledby=\"elementor-tab-title-4843\"><iframe loading=\"lazy\" style=\"border: 0;\" src=\"https:\/\/drive.google.com\/file\/d\/1RTVKIOsZbpi9RHw9EuLTCsZaPQdiAEAO\/preview\" width=\"100%\" height=\"700px\"><\/iframe><\/div>\n\t\t\t\t<\/div>\n\t\t\t\t\t\t\t<div class=\"elementor-toggle-item\">\n\t\t\t\t\t<div id=\"elementor-tab-title-4844\" class=\"elementor-tab-title\" data-tab=\"4\" role=\"tab\" aria-controls=\"elementor-tab-content-4844\" aria-expanded=\"false\">\n\t\t\t\t\t\t\t\t\t\t\t\t<span class=\"elementor-toggle-icon elementor-toggle-icon-left\" aria-hidden=\"true\">\n\t\t\t\t\t\t\t\t\t\t\t\t\t\t\t<span class=\"elementor-toggle-icon-closed\"><i class=\"fas fa-caret-right\"><\/i><\/span>\n\t\t\t\t\t\t\t\t<span class=\"elementor-toggle-icon-opened\"><i class=\"elementor-toggle-icon-opened fas fa-caret-up\"><\/i><\/span>\n\t\t\t\t\t\t\t\t\t\t\t\t\t<\/span>\n\t\t\t\t\t\t\t\t\t\t\t\t<a href=\"\" class=\"elementor-toggle-title\">S\u1ed1 7046\/Q\u0110-BGD\u0110T v\u1ec1 vi\u1ec7c giao cho tr\u01b0\u1eddng \u0110\u1ea1i h\u1ecdc Tr\u00e0 Vinh \u0111\u00e0o t\u1ea1o tr\u00ecnh \u0111\u1ed9 \u0111\u1ea1i h\u1ecdc c\u00e1c ng\u00e0nh: Lu\u1eadt, S\u01b0 ph\u1ea1m m\u1ea7m non<\/a>\n\t\t\t\t\t<\/div>\n\t\t\t\t\t<div id=\"elementor-tab-content-4844\" class=\"elementor-tab-content elementor-clearfix\" data-tab=\"4\" role=\"tabpanel\" aria-labelledby=\"elementor-tab-title-4844\"><iframe loading=\"lazy\" style=\"border: 0;\" src=\"https:\/\/drive.google.com\/file\/d\/1gUV5VG3Wm5LGiNzKDy0S2z3XvltkME6K\/preview\" width=\"100%\" height=\"700px\"><\/iframe><\/div>\n\t\t\t\t<\/div>\n\t\t\t\t\t\t\t<div class=\"elementor-toggle-item\">\n\t\t\t\t\t<div id=\"elementor-tab-title-4845\" class=\"elementor-tab-title\" data-tab=\"5\" role=\"tab\" aria-controls=\"elementor-tab-content-4845\" aria-expanded=\"false\">\n\t\t\t\t\t\t\t\t\t\t\t\t<span class=\"elementor-toggle-icon elementor-toggle-icon-left\" aria-hidden=\"true\">\n\t\t\t\t\t\t\t\t\t\t\t\t\t\t\t<span class=\"elementor-toggle-icon-closed\"><i class=\"fas fa-caret-right\"><\/i><\/span>\n\t\t\t\t\t\t\t\t<span class=\"elementor-toggle-icon-opened\"><i class=\"elementor-toggle-icon-opened fas fa-caret-up\"><\/i><\/span>\n\t\t\t\t\t\t\t\t\t\t\t\t\t<\/span>\n\t\t\t\t\t\t\t\t\t\t\t\t<a href=\"\" class=\"elementor-toggle-title\">S\u1ed1 2888\/Q\u0110-\u0110HTV v\u1ec1 vi\u1ec7c th\u1ef1c hi\u1ec7n \u0111\u00e0o t\u1ea1o t\u1eeb xa ng\u00e0nh Y t\u1ebf c\u00f4ng c\u1ed9ng v\u00e0 ng\u00e0nh Ng\u00f4n ng\u1eef Trung Qu\u1ed1c<\/a>\n\t\t\t\t\t<\/div>\n\t\t\t\t\t<div id=\"elementor-tab-content-4845\" class=\"elementor-tab-content elementor-clearfix\" data-tab=\"5\" role=\"tabpanel\" aria-labelledby=\"elementor-tab-title-4845\"><iframe loading=\"lazy\" style=\"border: 0;\" src=\"https:\/\/drive.google.com\/file\/d\/1jkISMKqEzu1mSxEsb8NRUtUGLLwM3ujJ\/preview\" width=\"100%\" height=\"700px\"><\/iframe><\/div>\n\t\t\t\t<\/div>\n\t\t\t\t\t\t\t<div class=\"elementor-toggle-item\">\n\t\t\t\t\t<div id=\"elementor-tab-title-4846\" class=\"elementor-tab-title\" data-tab=\"6\" role=\"tab\" aria-controls=\"elementor-tab-content-4846\" aria-expanded=\"false\">\n\t\t\t\t\t\t\t\t\t\t\t\t<span class=\"elementor-toggle-icon elementor-toggle-icon-left\" aria-hidden=\"true\">\n\t\t\t\t\t\t\t\t\t\t\t\t\t\t\t<span class=\"elementor-toggle-icon-closed\"><i class=\"fas fa-caret-right\"><\/i><\/span>\n\t\t\t\t\t\t\t\t<span class=\"elementor-toggle-icon-opened\"><i class=\"elementor-toggle-icon-opened fas fa-caret-up\"><\/i><\/span>\n\t\t\t\t\t\t\t\t\t\t\t\t\t<\/span>\n\t\t\t\t\t\t\t\t\t\t\t\t<a href=\"\" class=\"elementor-toggle-title\">S\u1ed1 4304\/Q\u0110-\u0110HTV v\u1ec1 vi\u1ec7c \u0111\u00e0o t\u1ea1o v\u00e0 c\u1ea5p b\u1eb1ng t\u1eeb xa c\u00e1c ng\u00e0nh: Ng\u00f4n ng\u1eef Khmer, Nu\u00f4i tr\u1ed3ng th\u1ee7y s\u1ea3n, v\u0103n h\u00f3a h\u1ecdc....<\/a>\n\t\t\t\t\t<\/div>\n\t\t\t\t\t<div id=\"elementor-tab-content-4846\" class=\"elementor-tab-content elementor-clearfix\" data-tab=\"6\" role=\"tabpanel\" aria-labelledby=\"elementor-tab-title-4846\"><iframe loading=\"lazy\" style=\"border: 0;\" src=\"https:\/\/drive.google.com\/file\/d\/1nI__i_u9sPGJWuOmh2zRvp8EE64dRxpW\/preview\" width=\"100%\" height=\"700px\"><\/iframe><\/div>\n\t\t\t\t<\/div>\n\t\t\t\t\t\t\t<div class=\"elementor-toggle-item\">\n\t\t\t\t\t<div id=\"elementor-tab-title-4847\" class=\"elementor-tab-title\" data-tab=\"7\" role=\"tab\" aria-controls=\"elementor-tab-content-4847\" aria-expanded=\"false\">\n\t\t\t\t\t\t\t\t\t\t\t\t<span class=\"elementor-toggle-icon elementor-toggle-icon-left\" aria-hidden=\"true\">\n\t\t\t\t\t\t\t\t\t\t\t\t\t\t\t<span class=\"elementor-toggle-icon-closed\"><i class=\"fas fa-caret-right\"><\/i><\/span>\n\t\t\t\t\t\t\t\t<span class=\"elementor-toggle-icon-opened\"><i class=\"elementor-toggle-icon-opened fas fa-caret-up\"><\/i><\/span>\n\t\t\t\t\t\t\t\t\t\t\t\t\t<\/span>\n\t\t\t\t\t\t\t\t\t\t\t\t<a href=\"\" class=\"elementor-toggle-title\">S\u1ed1 6437\/Q\u0110-\u0110HTV v\u1ec1 vi\u1ec7c \u0111\u00e0o t\u1ea1o v\u00e0 c\u1ea5p b\u1eb1ng t\u1eeb xa ng\u00e0nh: Th\u01b0\u01a1ng m\u1ea1i \u0111i\u1ec7n t\u1eed<\/a>\n\t\t\t\t\t<\/div>\n\t\t\t\t\t<div id=\"elementor-tab-content-4847\" class=\"elementor-tab-content elementor-clearfix\" data-tab=\"7\" role=\"tabpanel\" aria-labelledby=\"elementor-tab-title-4847\"><iframe loading=\"lazy\" style=\"border: 0;\" src=\"https:\/\/drive.google.com\/file\/d\/1R6Ty-nYnP7DfYGidQCZIv30WO4s12MtC\/preview\" width=\"100%\" height=\"700px\"><\/iframe><\/div>\n\t\t\t\t<\/div>\n\t\t\t\t\t\t\t<div class=\"elementor-toggle-item\">\n\t\t\t\t\t<div id=\"elementor-tab-title-4848\" class=\"elementor-tab-title\" data-tab=\"8\" role=\"tab\" aria-controls=\"elementor-tab-content-4848\" aria-expanded=\"false\">\n\t\t\t\t\t\t\t\t\t\t\t\t<span class=\"elementor-toggle-icon elementor-toggle-icon-left\" aria-hidden=\"true\">\n\t\t\t\t\t\t\t\t\t\t\t\t\t\t\t<span class=\"elementor-toggle-icon-closed\"><i class=\"fas fa-caret-right\"><\/i><\/span>\n\t\t\t\t\t\t\t\t<span class=\"elementor-toggle-icon-opened\"><i class=\"elementor-toggle-icon-opened fas fa-caret-up\"><\/i><\/span>\n\t\t\t\t\t\t\t\t\t\t\t\t\t<\/span>\n\t\t\t\t\t\t\t\t\t\t\t\t<a href=\"\" class=\"elementor-toggle-title\">S\u1ed1 6438\/Q\u0110-\u0110HTV v\u1ec1 vi\u1ec7c \u0111\u00e0o t\u1ea1o v\u00e0 c\u1ea5p b\u1eb1ng t\u1eeb xa ng\u00e0nh: Th\u1ec3 d\u1ee5c th\u1ec3 thao<\/a>\n\t\t\t\t\t<\/div>\n\t\t\t\t\t<div id=\"elementor-tab-content-4848\" class=\"elementor-tab-content elementor-clearfix\" data-tab=\"8\" role=\"tabpanel\" aria-labelledby=\"elementor-tab-title-4848\"><iframe loading=\"lazy\" style=\"border: 0;\" src=\"https:\/\/drive.google.com\/file\/d\/15uqdk7RnhU3lmYwKKNMVfy39HBm8vce4\/preview\" width=\"100%\" height=\"700px\"><\/iframe><\/div>\n\t\t\t\t<\/div>\n\t\t\t\t\t\t\t\t<\/div>\n\t\t\t\t<\/div>\n\t\t\t\t<\/div>\n\t\t\t\t\t\t<\/div>\n\t\t\t\t\t<\/div>\n\t\t<\/div>\n\t\t\t\t\t\t\t\t<\/div>\n\t\t\t\t\t<\/div>\n\t\t<\/section>\n\t\t\t\t\t\t<\/div>\n\t\t\t\t\t\t<\/div>\n\t\t\t\t\t<\/div>\n\t\t","protected":false},"excerpt":{"rendered":"<p>S\u1ed1 551\/Q\u0110-BGD\u0110T v\u1ec1 vi\u1ec7c m\u1edf kh\u00f3a \u0111\u00e0o t\u1ea1o \u0111\u1ea1i h\u1ecdc theo h\u00ecnh th\u1ee9c t\u1eeb xa c\u00e1c ng\u00e0nh: C\u00f4ng ngh\u1ec7 th\u00f4ng tin, K\u1ebf to\u00e1n, Qu\u1ea3n tr\u1ecb kinh doanh, ti\u1ebfng Anh S\u1ed1 [&hellip;]<\/p>\n","protected":false},"author":1,"featured_media":0,"parent":0,"menu_order":0,"comment_status":"closed","ping_status":"closed","template":"","meta":[],"_links":{"self":[{"href":"https:\/\/rdi.edu.vn\/index.php\/wp-json\/wp\/v2\/pages\/21641"}],"collection":[{"href":"https:\/\/rdi.edu.vn\/index.php\/wp-json\/wp\/v2\/pages"}],"about":[{"href":"https:\/\/rdi.edu.vn\/index.php\/wp-json\/wp\/v2\/types\/page"}],"author":[{"embeddable":true,"href":"https:\/\/rdi.edu.vn\/index.php\/wp-json\/wp\/v2\/users\/1"}],"replies":[{"embeddable":true,"href":"https:\/\/rdi.edu.vn\/index.php\/wp-json\/wp\/v2\/comments?post=21641"}],"version-history":[{"count":22,"href":"https:\/\/rdi.edu.vn\/index.php\/wp-json\/wp\/v2\/pages\/21641\/revisions"}],"predecessor-version":[{"id":21665,"href":"https:\/\/rdi.edu.vn\/index.php\/wp-json\/wp\/v2\/pages\/21641\/revisions\/21665"}],"wp:attachment":[{"href":"https:\/\/rdi.edu.vn\/index.php\/wp-json\/wp\/v2\/media?parent=21641"}],"curies":[{"name":"wp","href":"https:\/\/api.w.org\/{rel}","templated":true}]}}