{"id":21319,"date":"2025-05-16T08:30:21","date_gmt":"2025-05-16T01:30:21","guid":{"rendered":"https:\/\/rdi.edu.vn\/?page_id=21319"},"modified":"2025-05-18T13:04:25","modified_gmt":"2025-05-18T06:04:25","slug":"dieu-kien-dam-bao-chat-luong-dao","status":"publish","type":"page","link":"https:\/\/rdi.edu.vn\/index.php\/dieu-kien-dam-bao-chat-luong-dao\/","title":{"rendered":"\u0110i\u1ec1u ki\u1ec7n \u0111\u1ea3m b\u1ea3o ch\u1ea5t l\u01b0\u1ee3ng \u0111\u00e0o t\u1ea1o t\u1eeb xa"},"content":{"rendered":"\t\t<div data-elementor-type=\"wp-page\" data-elementor-id=\"21319\" class=\"elementor elementor-21319\" data-elementor-settings=\"[]\">\n\t\t\t\t\t\t<div class=\"elementor-inner\">\n\t\t\t\t\t\t\t<div class=\"elementor-section-wrap\">\n\t\t\t\t\t\t\t<section class=\"elementor-section elementor-top-section elementor-element elementor-element-f9b2bb3 elementor-section-boxed elementor-section-height-default elementor-section-height-default\" data-id=\"f9b2bb3\" data-element_type=\"section\">\n\t\t\t\t\t\t<div class=\"elementor-container elementor-column-gap-default\">\n\t\t\t\t\t\t\t<div class=\"elementor-row\">\n\t\t\t\t\t<div class=\"elementor-column elementor-col-100 elementor-top-column elementor-element elementor-element-ac6efd9\" data-id=\"ac6efd9\" data-element_type=\"column\">\n\t\t\t<div class=\"elementor-column-wrap elementor-element-populated\">\n\t\t\t\t\t\t\t<div class=\"elementor-widget-wrap\">\n\t\t\t\t\t\t<div class=\"elementor-element elementor-element-0c1f60b elementor-widget elementor-widget-toggle\" data-id=\"0c1f60b\" data-element_type=\"widget\" data-widget_type=\"toggle.default\">\n\t\t\t\t<div class=\"elementor-widget-container\">\n\t\t\t\t\t<div class=\"elementor-toggle\" role=\"tablist\">\n\t\t\t\t\t\t\t<div class=\"elementor-toggle-item\">\n\t\t\t\t\t<div id=\"elementor-tab-title-1271\" class=\"elementor-tab-title\" data-tab=\"1\" role=\"tab\" aria-controls=\"elementor-tab-content-1271\" aria-expanded=\"false\">\n\t\t\t\t\t\t\t\t\t\t\t\t<span class=\"elementor-toggle-icon elementor-toggle-icon-left\" aria-hidden=\"true\">\n\t\t\t\t\t\t\t\t\t\t\t\t\t\t\t<span class=\"elementor-toggle-icon-closed\"><i class=\"fas fa-caret-right\"><\/i><\/span>\n\t\t\t\t\t\t\t\t<span class=\"elementor-toggle-icon-opened\"><i class=\"elementor-toggle-icon-opened fas fa-caret-up\"><\/i><\/span>\n\t\t\t\t\t\t\t\t\t\t\t\t\t<\/span>\n\t\t\t\t\t\t\t\t\t\t\t\t<a href=\"\" class=\"elementor-toggle-title\">Danh s\u00e1ch \u0111\u1ed9i ng\u0169 gi\u1ea3ng vi\u00ean to\u00e0n th\u1eddi gian<\/a>\n\t\t\t\t\t<\/div>\n\t\t\t\t\t<div id=\"elementor-tab-content-1271\" class=\"elementor-tab-content elementor-clearfix\" data-tab=\"1\" role=\"tabpanel\" aria-labelledby=\"elementor-tab-title-1271\"><iframe loading=\"lazy\" style=\"border: 0;\" src=\"https:\/\/drive.google.com\/file\/d\/1aHM0U7ui68bVZ8OAr38jY4JDZnatnPqn\/preview\" width=\"100%\" height=\"700px\"><\/iframe><\/div>\n\t\t\t\t<\/div>\n\t\t\t\t\t\t\t<div class=\"elementor-toggle-item\">\n\t\t\t\t\t<div id=\"elementor-tab-title-1272\" class=\"elementor-tab-title\" data-tab=\"2\" role=\"tab\" aria-controls=\"elementor-tab-content-1272\" aria-expanded=\"false\">\n\t\t\t\t\t\t\t\t\t\t\t\t<span class=\"elementor-toggle-icon elementor-toggle-icon-left\" aria-hidden=\"true\">\n\t\t\t\t\t\t\t\t\t\t\t\t\t\t\t<span class=\"elementor-toggle-icon-closed\"><i class=\"fas fa-caret-right\"><\/i><\/span>\n\t\t\t\t\t\t\t\t<span class=\"elementor-toggle-icon-opened\"><i class=\"elementor-toggle-icon-opened fas fa-caret-up\"><\/i><\/span>\n\t\t\t\t\t\t\t\t\t\t\t\t\t<\/span>\n\t\t\t\t\t\t\t\t\t\t\t\t<a href=\"\" class=\"elementor-toggle-title\">Danh s\u00e1ch \u0111\u1ed9i ng\u0169 gi\u1ea3ng vi\u00ean th\u1ec9nh gi\u1ea3ng<\/a>\n\t\t\t\t\t<\/div>\n\t\t\t\t\t<div id=\"elementor-tab-content-1272\" class=\"elementor-tab-content elementor-clearfix\" data-tab=\"2\" role=\"tabpanel\" aria-labelledby=\"elementor-tab-title-1272\"><iframe loading=\"lazy\" style=\"border: 0;\" src=\"https:\/\/drive.google.com\/file\/d\/1eeD1xehAnzG7D_RIqS9BRG2QbpRPGln8\/preview\" width=\"100%\" height=\"700px\"><\/iframe><\/div>\n\t\t\t\t<\/div>\n\t\t\t\t\t\t\t<div class=\"elementor-toggle-item\">\n\t\t\t\t\t<div id=\"elementor-tab-title-1273\" class=\"elementor-tab-title\" data-tab=\"3\" role=\"tab\" aria-controls=\"elementor-tab-content-1273\" aria-expanded=\"false\">\n\t\t\t\t\t\t\t\t\t\t\t\t<span class=\"elementor-toggle-icon elementor-toggle-icon-left\" aria-hidden=\"true\">\n\t\t\t\t\t\t\t\t\t\t\t\t\t\t\t<span class=\"elementor-toggle-icon-closed\"><i class=\"fas fa-caret-right\"><\/i><\/span>\n\t\t\t\t\t\t\t\t<span class=\"elementor-toggle-icon-opened\"><i class=\"elementor-toggle-icon-opened fas fa-caret-up\"><\/i><\/span>\n\t\t\t\t\t\t\t\t\t\t\t\t\t<\/span>\n\t\t\t\t\t\t\t\t\t\t\t\t<a href=\"\" class=\"elementor-toggle-title\">Danh s\u00e1ch c\u00e1n b\u1ed9 qu\u1ea3n l\u00fd, nh\u00e2n vi\u00ean h\u1ed7 tr\u1ee3 chuy\u00ean tr\u00e1ch v\u1ec1 \u0111\u00e0o t\u1ea1o t\u1eeb xa<\/a>\n\t\t\t\t\t<\/div>\n\t\t\t\t\t<div id=\"elementor-tab-content-1273\" class=\"elementor-tab-content elementor-clearfix\" data-tab=\"3\" role=\"tabpanel\" aria-labelledby=\"elementor-tab-title-1273\"><iframe loading=\"lazy\" style=\"border: 0;\" src=\"https:\/\/drive.google.com\/file\/d\/1ipjhR1tBKidwSd_WDmo3HmaKZMcnYBJ2\/preview\" width=\"100%\" height=\"700px\"><\/iframe><\/div>\n\t\t\t\t<\/div>\n\t\t\t\t\t\t\t\t<\/div>\n\t\t\t\t<\/div>\n\t\t\t\t<\/div>\n\t\t\t\t\t\t<\/div>\n\t\t\t\t\t<\/div>\n\t\t<\/div>\n\t\t\t\t\t\t\t\t<\/div>\n\t\t\t\t\t<\/div>\n\t\t<\/section>\n\t\t\t\t\t\t<\/div>\n\t\t\t\t\t\t<\/div>\n\t\t\t\t\t<\/div>\n\t\t","protected":false},"excerpt":{"rendered":"<p>Danh s\u00e1ch \u0111\u1ed9i ng\u0169 gi\u1ea3ng vi\u00ean to\u00e0n th\u1eddi gian Danh s\u00e1ch \u0111\u1ed9i ng\u0169 gi\u1ea3ng vi\u00ean th\u1ec9nh gi\u1ea3ng Danh s\u00e1ch c\u00e1n b\u1ed9 qu\u1ea3n l\u00fd, nh\u00e2n vi\u00ean h\u1ed7 tr\u1ee3 chuy\u00ean tr\u00e1ch v\u1ec1 [&hellip;]<\/p>\n","protected":false},"author":1,"featured_media":0,"parent":0,"menu_order":0,"comment_status":"closed","ping_status":"closed","template":"","meta":[],"_links":{"self":[{"href":"https:\/\/rdi.edu.vn\/index.php\/wp-json\/wp\/v2\/pages\/21319"}],"collection":[{"href":"https:\/\/rdi.edu.vn\/index.php\/wp-json\/wp\/v2\/pages"}],"about":[{"href":"https:\/\/rdi.edu.vn\/index.php\/wp-json\/wp\/v2\/types\/page"}],"author":[{"embeddable":true,"href":"https:\/\/rdi.edu.vn\/index.php\/wp-json\/wp\/v2\/users\/1"}],"replies":[{"embeddable":true,"href":"https:\/\/rdi.edu.vn\/index.php\/wp-json\/wp\/v2\/comments?post=21319"}],"version-history":[{"count":30,"href":"https:\/\/rdi.edu.vn\/index.php\/wp-json\/wp\/v2\/pages\/21319\/revisions"}],"predecessor-version":[{"id":21680,"href":"https:\/\/rdi.edu.vn\/index.php\/wp-json\/wp\/v2\/pages\/21319\/revisions\/21680"}],"wp:attachment":[{"href":"https:\/\/rdi.edu.vn\/index.php\/wp-json\/wp\/v2\/media?parent=21319"}],"curies":[{"name":"wp","href":"https:\/\/api.w.org\/{rel}","templated":true}]}}