{"id":21206,"date":"2025-05-14T17:21:30","date_gmt":"2025-05-14T10:21:30","guid":{"rendered":"https:\/\/rdi.edu.vn\/?page_id=21206"},"modified":"2025-05-19T08:42:41","modified_gmt":"2025-05-19T01:42:41","slug":"quy-che-dao-tao-tu-xa","status":"publish","type":"page","link":"https:\/\/rdi.edu.vn\/index.php\/quy-che-dao-tao-tu-xa\/","title":{"rendered":"Quy ch\u1ebf \u0110\u00e0o t\u1ea1o t\u1eeb xa"},"content":{"rendered":"\t\t<div data-elementor-type=\"wp-page\" data-elementor-id=\"21206\" class=\"elementor elementor-21206\" data-elementor-settings=\"[]\">\n\t\t\t\t\t\t<div class=\"elementor-inner\">\n\t\t\t\t\t\t\t<div class=\"elementor-section-wrap\">\n\t\t\t\t\t\t\t<section class=\"elementor-section elementor-top-section elementor-element elementor-element-61963bf elementor-section-boxed elementor-section-height-default elementor-section-height-default\" data-id=\"61963bf\" data-element_type=\"section\">\n\t\t\t\t\t\t<div class=\"elementor-container elementor-column-gap-default\">\n\t\t\t\t\t\t\t<div class=\"elementor-row\">\n\t\t\t\t\t<div class=\"elementor-column elementor-col-100 elementor-top-column elementor-element elementor-element-a2e97cf\" data-id=\"a2e97cf\" data-element_type=\"column\">\n\t\t\t<div class=\"elementor-column-wrap elementor-element-populated\">\n\t\t\t\t\t\t\t<div class=\"elementor-widget-wrap\">\n\t\t\t\t\t\t<div class=\"elementor-element elementor-element-5603692 elementor-widget elementor-widget-toggle\" data-id=\"5603692\" data-element_type=\"widget\" data-widget_type=\"toggle.default\">\n\t\t\t\t<div class=\"elementor-widget-container\">\n\t\t\t\t\t<div class=\"elementor-toggle\" role=\"tablist\">\n\t\t\t\t\t\t\t<div class=\"elementor-toggle-item\">\n\t\t\t\t\t<div id=\"elementor-tab-title-9011\" class=\"elementor-tab-title\" data-tab=\"1\" role=\"tab\" aria-controls=\"elementor-tab-content-9011\" aria-expanded=\"false\">\n\t\t\t\t\t\t\t\t\t\t\t\t<span class=\"elementor-toggle-icon elementor-toggle-icon-left\" aria-hidden=\"true\">\n\t\t\t\t\t\t\t\t\t\t\t\t\t\t\t<span class=\"elementor-toggle-icon-closed\"><i class=\"fas fa-caret-right\"><\/i><\/span>\n\t\t\t\t\t\t\t\t<span class=\"elementor-toggle-icon-opened\"><i class=\"elementor-toggle-icon-opened fas fa-caret-up\"><\/i><\/span>\n\t\t\t\t\t\t\t\t\t\t\t\t\t<\/span>\n\t\t\t\t\t\t\t\t\t\t\t\t<a href=\"\" class=\"elementor-toggle-title\">Th\u00f4ng t\u01b0 10 c\u1ee7a B\u1ed9 gi\u00e1o d\u1ee5c v\u00e0 \u0110\u00e0o t\u1ea1o<\/a>\n\t\t\t\t\t<\/div>\n\t\t\t\t\t<div id=\"elementor-tab-content-9011\" class=\"elementor-tab-content elementor-clearfix\" data-tab=\"1\" role=\"tabpanel\" aria-labelledby=\"elementor-tab-title-9011\"><iframe loading=\"lazy\" style=\"border: 0;\" src=\"https:\/\/drive.google.com\/file\/d\/1daezBfJLsJMKwrP271tUR7QVsn-6VIqW\/preview\" width=\"100%\" height=\"700px\"><\/iframe><\/div>\n\t\t\t\t<\/div>\n\t\t\t\t\t\t\t<div class=\"elementor-toggle-item\">\n\t\t\t\t\t<div id=\"elementor-tab-title-9012\" class=\"elementor-tab-title\" data-tab=\"2\" role=\"tab\" aria-controls=\"elementor-tab-content-9012\" aria-expanded=\"false\">\n\t\t\t\t\t\t\t\t\t\t\t\t<span class=\"elementor-toggle-icon elementor-toggle-icon-left\" aria-hidden=\"true\">\n\t\t\t\t\t\t\t\t\t\t\t\t\t\t\t<span class=\"elementor-toggle-icon-closed\"><i class=\"fas fa-caret-right\"><\/i><\/span>\n\t\t\t\t\t\t\t\t<span class=\"elementor-toggle-icon-opened\"><i class=\"elementor-toggle-icon-opened fas fa-caret-up\"><\/i><\/span>\n\t\t\t\t\t\t\t\t\t\t\t\t\t<\/span>\n\t\t\t\t\t\t\t\t\t\t\t\t<a href=\"\" class=\"elementor-toggle-title\">Quy\u1ebft \u0111\u1ecbnh s\u1ed1 2749 c\u1ee7a tr\u01b0\u1eddng \u0110\u1ea1i h\u1ecdc Tr\u00e0 Vinh<\/a>\n\t\t\t\t\t<\/div>\n\t\t\t\t\t<div id=\"elementor-tab-content-9012\" class=\"elementor-tab-content elementor-clearfix\" data-tab=\"2\" role=\"tabpanel\" aria-labelledby=\"elementor-tab-title-9012\"><iframe loading=\"lazy\" style=\"border: 0;\" src=\"https:\/\/drive.google.com\/file\/d\/1AHl7Q5nEbyn48_TI7MJHNci1aEgjd-Rc\/preview\" width=\"100%\" height=\"700px\"><\/iframe<\/div>\n\t\t\t\t<\/div>\n\t\t\t\t\t\t\t<div class=\"elementor-toggle-item\">\n\t\t\t\t\t<div id=\"elementor-tab-title-9013\" class=\"elementor-tab-title\" data-tab=\"3\" role=\"tab\" aria-controls=\"elementor-tab-content-9013\" aria-expanded=\"false\">\n\t\t\t\t\t\t\t\t\t\t\t\t<span class=\"elementor-toggle-icon elementor-toggle-icon-left\" aria-hidden=\"true\">\n\t\t\t\t\t\t\t\t\t\t\t\t\t\t\t<span class=\"elementor-toggle-icon-closed\"><i class=\"fas fa-caret-right\"><\/i><\/span>\n\t\t\t\t\t\t\t\t<span class=\"elementor-toggle-icon-opened\"><i class=\"elementor-toggle-icon-opened fas fa-caret-up\"><\/i><\/span>\n\t\t\t\t\t\t\t\t\t\t\t\t\t<\/span>\n\t\t\t\t\t\t\t\t\t\t\t\t<a href=\"\" class=\"elementor-toggle-title\">Quy\u1ebft \u0111\u1ecbnh s\u1ed1 1532 c\u1ee7a tr\u01b0\u1eddng \u0110\u1ea1i h\u1ecdc Tr\u00e0 Vinh v\u1ec1 vi\u1ec7c ban h\u00e0nh quy ch\u1ebf \u0111\u00e0o t\u1ea1o t\u1eeb xa tr\u00ecnh \u0111\u1ed9 \u0111\u1ea1i h\u1ecdc<\/a>\n\t\t\t\t\t<\/div>\n\t\t\t\t\t<div id=\"elementor-tab-content-9013\" class=\"elementor-tab-content elementor-clearfix\" data-tab=\"3\" role=\"tabpanel\" aria-labelledby=\"elementor-tab-title-9013\"><iframe loading=\"lazy\" style=\"border: 0;\" src=\"https:\/\/drive.google.com\/file\/d\/1fEuet7-LH_Nu5L-m4IfPcid1RB3NNQHg\/preview\" width=\"100%\" height=\"700px\"><\/iframe><\/div>\n\t\t\t\t<\/div>\n\t\t\t\t\t\t\t<div class=\"elementor-toggle-item\">\n\t\t\t\t\t<div id=\"elementor-tab-title-9014\" class=\"elementor-tab-title\" data-tab=\"4\" role=\"tab\" aria-controls=\"elementor-tab-content-9014\" aria-expanded=\"false\">\n\t\t\t\t\t\t\t\t\t\t\t\t<span class=\"elementor-toggle-icon elementor-toggle-icon-left\" aria-hidden=\"true\">\n\t\t\t\t\t\t\t\t\t\t\t\t\t\t\t<span class=\"elementor-toggle-icon-closed\"><i class=\"fas fa-caret-right\"><\/i><\/span>\n\t\t\t\t\t\t\t\t<span class=\"elementor-toggle-icon-opened\"><i class=\"elementor-toggle-icon-opened fas fa-caret-up\"><\/i><\/span>\n\t\t\t\t\t\t\t\t\t\t\t\t\t<\/span>\n\t\t\t\t\t\t\t\t\t\t\t\t<a href=\"\" class=\"elementor-toggle-title\">Quy\u1ebft \u0111\u1ecbnh s\u1ed1 1532 c\u1ee7a tr\u01b0\u1eddng \u0110\u1ea1i h\u1ecdc Tr\u00e0 Vinh v\u1ec1 vi\u1ec7c ban h\u00e0nh quy ch\u1ebf \u0111\u00e0o t\u1ea1o t\u1eeb xa tr\u00ecnh \u0111\u1ed9 \u0111\u1ea1i h\u1ecdc<\/a>\n\t\t\t\t\t<\/div>\n\t\t\t\t\t<div id=\"elementor-tab-content-9014\" class=\"elementor-tab-content elementor-clearfix\" data-tab=\"4\" role=\"tabpanel\" aria-labelledby=\"elementor-tab-title-9014\"><iframe loading=\"lazy\" style=\"border: 0;\" src=\"https:\/\/drive.google.com\/file\/d\/1fEuet7-LH_Nu5L-m4IfPcid1RB3NNQHg\/preview\" width=\"100%\" height=\"700px\"><\/iframe><\/div>\n\t\t\t\t<\/div>\n\t\t\t\t\t\t\t<div class=\"elementor-toggle-item\">\n\t\t\t\t\t<div id=\"elementor-tab-title-9015\" class=\"elementor-tab-title\" data-tab=\"5\" role=\"tab\" aria-controls=\"elementor-tab-content-9015\" aria-expanded=\"false\">\n\t\t\t\t\t\t\t\t\t\t\t\t<span class=\"elementor-toggle-icon elementor-toggle-icon-left\" aria-hidden=\"true\">\n\t\t\t\t\t\t\t\t\t\t\t\t\t\t\t<span class=\"elementor-toggle-icon-closed\"><i class=\"fas fa-caret-right\"><\/i><\/span>\n\t\t\t\t\t\t\t\t<span class=\"elementor-toggle-icon-opened\"><i class=\"elementor-toggle-icon-opened fas fa-caret-up\"><\/i><\/span>\n\t\t\t\t\t\t\t\t\t\t\t\t\t<\/span>\n\t\t\t\t\t\t\t\t\t\t\t\t<a href=\"\" class=\"elementor-toggle-title\">Quy\u1ebft \u0111\u1ecbnh s\u1ed1 1952 c\u1ee7a tr\u01b0\u1eddng \u0110\u1ea1i h\u1ecdc Tr\u00e0 Vinh Ban h\u00e0nh Quy \u0111\u1ecbnh x\u00e9t mi\u1ec5n v\u00e0 c\u00f4ng nh\u1eadn gi\u00e1 tr\u1ecb chuy\u1ec3n \u0111\u1ed5i k\u1ebft qu\u1ea3 h\u1ecdc t\u1eadp c\u1ee7a ng\u01b0\u1eddi h\u1ecdc<\/a>\n\t\t\t\t\t<\/div>\n\t\t\t\t\t<div id=\"elementor-tab-content-9015\" class=\"elementor-tab-content elementor-clearfix\" data-tab=\"5\" role=\"tabpanel\" aria-labelledby=\"elementor-tab-title-9015\"><iframe loading=\"lazy\" style=\"border: 0;\" src=\"https:\/\/drive.google.com\/file\/d\/1B97oR0zoXUZOgH5H5XHbzEmfJ_CglpI7\/preview\" width=\"100%\" height=\"700px\"><\/iframe><\/div>\n\t\t\t\t<\/div>\n\t\t\t\t\t\t\t<div class=\"elementor-toggle-item\">\n\t\t\t\t\t<div id=\"elementor-tab-title-9016\" class=\"elementor-tab-title\" data-tab=\"6\" role=\"tab\" aria-controls=\"elementor-tab-content-9016\" aria-expanded=\"false\">\n\t\t\t\t\t\t\t\t\t\t\t\t<span class=\"elementor-toggle-icon elementor-toggle-icon-left\" aria-hidden=\"true\">\n\t\t\t\t\t\t\t\t\t\t\t\t\t\t\t<span class=\"elementor-toggle-icon-closed\"><i class=\"fas fa-caret-right\"><\/i><\/span>\n\t\t\t\t\t\t\t\t<span class=\"elementor-toggle-icon-opened\"><i class=\"elementor-toggle-icon-opened fas fa-caret-up\"><\/i><\/span>\n\t\t\t\t\t\t\t\t\t\t\t\t\t<\/span>\n\t\t\t\t\t\t\t\t\t\t\t\t<a href=\"\" class=\"elementor-toggle-title\">Th\u00f4ng t\u01b0 28 c\u1ee7a B\u1ed9 gi\u00e1o d\u1ee5c v\u00e0 \u0110\u00e0o t\u1ea1o v\u1ec1 vi\u1ec7c ban h\u00e0nh quy ch\u1ebf \u0111\u00e0o t\u1ea1o t\u1eeb xa tr\u00ecnh \u0111\u1ed9 \u0111\u1ea1i h\u1ecdc<\/a>\n\t\t\t\t\t<\/div>\n\t\t\t\t\t<div id=\"elementor-tab-content-9016\" class=\"elementor-tab-content elementor-clearfix\" data-tab=\"6\" role=\"tabpanel\" aria-labelledby=\"elementor-tab-title-9016\"><iframe loading=\"lazy\" style=\"border: 0;\" src=\"https:\/\/drive.google.com\/file\/d\/1RTNtJcq9uLnTr5O6Q3o7IWdtbvtVoyO-\/preview\" width=\"100%\" height=\"700px\"><\/iframe><\/div>\n\t\t\t\t<\/div>\n\t\t\t\t\t\t\t<div class=\"elementor-toggle-item\">\n\t\t\t\t\t<div id=\"elementor-tab-title-9017\" class=\"elementor-tab-title\" data-tab=\"7\" role=\"tab\" aria-controls=\"elementor-tab-content-9017\" aria-expanded=\"false\">\n\t\t\t\t\t\t\t\t\t\t\t\t<span class=\"elementor-toggle-icon elementor-toggle-icon-left\" aria-hidden=\"true\">\n\t\t\t\t\t\t\t\t\t\t\t\t\t\t\t<span class=\"elementor-toggle-icon-closed\"><i class=\"fas fa-caret-right\"><\/i><\/span>\n\t\t\t\t\t\t\t\t<span class=\"elementor-toggle-icon-opened\"><i class=\"elementor-toggle-icon-opened fas fa-caret-up\"><\/i><\/span>\n\t\t\t\t\t\t\t\t\t\t\t\t\t<\/span>\n\t\t\t\t\t\t\t\t\t\t\t\t<a href=\"\" class=\"elementor-toggle-title\">Quy\u1ebft \u0111\u1ecbnh s\u1ed1 8021 c\u1ee7a tr\u01b0\u1eddng \u0110\u1ea1i h\u1ecdc Tr\u00e0 Vinh v\u1ec1 \u0111i\u1ec1u ch\u1ec9nh (ph\u1ee5 l\u1ee5c 1 v\u00e0 2) trong vi\u1ec7c x\u00e9t mi\u1ec5n v\u00e0 c\u00f4ng nh\u1eadn gi\u00e1 tr\u1ecb chuy\u1ec3n \u0111\u1ed5i k\u1ebft qu\u1ea3 h\u1ecdc t\u1eadp<\/a>\n\t\t\t\t\t<\/div>\n\t\t\t\t\t<div id=\"elementor-tab-content-9017\" class=\"elementor-tab-content elementor-clearfix\" data-tab=\"7\" role=\"tabpanel\" aria-labelledby=\"elementor-tab-title-9017\"><iframe loading=\"lazy\" style=\"border: 0;\" src=\"https:\/\/drive.google.com\/file\/d\/1c1Kzk0b1ugyqntgNqeI8FHvtxNlCHs9f\/preview\" width=\"100%\" height=\"700px\"><\/iframe><\/div>\n\t\t\t\t<\/div>\n\t\t\t\t\t\t\t\t<\/div>\n\t\t\t\t<\/div>\n\t\t\t\t<\/div>\n\t\t\t\t\t\t<\/div>\n\t\t\t\t\t<\/div>\n\t\t<\/div>\n\t\t\t\t\t\t\t\t<\/div>\n\t\t\t\t\t<\/div>\n\t\t<\/section>\n\t\t\t\t\t\t<\/div>\n\t\t\t\t\t\t<\/div>\n\t\t\t\t\t<\/div>\n\t\t","protected":false},"excerpt":{"rendered":"<p>Th\u00f4ng t\u01b0 10 c\u1ee7a B\u1ed9 gi\u00e1o d\u1ee5c v\u00e0 \u0110\u00e0o t\u1ea1o Quy\u1ebft \u0111\u1ecbnh s\u1ed1 2749 c\u1ee7a tr\u01b0\u1eddng \u0110\u1ea1i h\u1ecdc Tr\u00e0 Vinh<\/p>\n","protected":false},"author":1,"featured_media":0,"parent":0,"menu_order":0,"comment_status":"closed","ping_status":"closed","template":"","meta":[],"_links":{"self":[{"href":"https:\/\/rdi.edu.vn\/index.php\/wp-json\/wp\/v2\/pages\/21206"}],"collection":[{"href":"https:\/\/rdi.edu.vn\/index.php\/wp-json\/wp\/v2\/pages"}],"about":[{"href":"https:\/\/rdi.edu.vn\/index.php\/wp-json\/wp\/v2\/types\/page"}],"author":[{"embeddable":true,"href":"https:\/\/rdi.edu.vn\/index.php\/wp-json\/wp\/v2\/users\/1"}],"replies":[{"embeddable":true,"href":"https:\/\/rdi.edu.vn\/index.php\/wp-json\/wp\/v2\/comments?post=21206"}],"version-history":[{"count":49,"href":"https:\/\/rdi.edu.vn\/index.php\/wp-json\/wp\/v2\/pages\/21206\/revisions"}],"predecessor-version":[{"id":21735,"href":"https:\/\/rdi.edu.vn\/index.php\/wp-json\/wp\/v2\/pages\/21206\/revisions\/21735"}],"wp:attachment":[{"href":"https:\/\/rdi.edu.vn\/index.php\/wp-json\/wp\/v2\/media?parent=21206"}],"curies":[{"name":"wp","href":"https:\/\/api.w.org\/{rel}","templated":true}]}}