{"id":13797,"date":"2021-01-22T15:10:15","date_gmt":"2021-01-22T08:10:15","guid":{"rendered":"https:\/\/rdi.edu.vn\/?page_id=13797"},"modified":"2021-04-29T07:55:50","modified_gmt":"2021-04-29T00:55:50","slug":"dang-ky-ho-so-du-tuyen","status":"publish","type":"page","link":"https:\/\/rdi.edu.vn\/index.php\/dang-ky-ho-so-du-tuyen\/","title":{"rendered":"\u0110\u0102NG K\u00dd H\u1ed2 S\u01a0 D\u1ef0 TUY\u1ec2N"},"content":{"rendered":"\t\t<div data-elementor-type=\"wp-page\" data-elementor-id=\"13797\" class=\"elementor elementor-13797\" data-elementor-settings=\"[]\">\n\t\t\t\t\t\t<div class=\"elementor-inner\">\n\t\t\t\t\t\t\t<div class=\"elementor-section-wrap\">\n\t\t\t\t\t\t\t<section class=\"elementor-section elementor-top-section elementor-element elementor-element-da6d794 elementor-section-boxed elementor-section-height-default elementor-section-height-default\" data-id=\"da6d794\" data-element_type=\"section\">\n\t\t\t\t\t\t<div class=\"elementor-container elementor-column-gap-default\">\n\t\t\t\t\t\t\t<div class=\"elementor-row\">\n\t\t\t\t\t<div class=\"elementor-column elementor-col-100 elementor-top-column elementor-element elementor-element-561fa65\" data-id=\"561fa65\" data-element_type=\"column\">\n\t\t\t<div class=\"elementor-column-wrap elementor-element-populated\">\n\t\t\t\t\t\t\t<div class=\"elementor-widget-wrap\">\n\t\t\t\t\t\t<div class=\"elementor-element elementor-element-2f97e94 elementor-widget elementor-widget-html\" data-id=\"2f97e94\" data-element_type=\"widget\" data-widget_type=\"html.default\">\n\t\t\t\t<div class=\"elementor-widget-container\">\n\t\t\t<style type=\"text\/css\">\niframe {\nheight: 100vh;\n}\n<\/style>\n<iframe frameborder='0' height=\"100vh\" width=\"100%\" title='RDI' src='https:\/\/rdi.edu.vn\/tuyensinh\/index\/index\/dangky' type='text\/html' allowfullscreen='true' scrolling='yes' marginwidth='0' marginheight='0'><\/iframe>\t\t<\/div>\n\t\t\t\t<\/div>\n\t\t\t\t\t\t<\/div>\n\t\t\t\t\t<\/div>\n\t\t<\/div>\n\t\t\t\t\t\t\t\t<\/div>\n\t\t\t\t\t<\/div>\n\t\t<\/section>\n\t\t\t\t\t\t<\/div>\n\t\t\t\t\t\t<\/div>\n\t\t\t\t\t<\/div>\n\t\t","protected":false},"excerpt":{"rendered":"","protected":false},"author":1,"featured_media":0,"parent":0,"menu_order":0,"comment_status":"closed","ping_status":"closed","template":"","meta":[],"_links":{"self":[{"href":"https:\/\/rdi.edu.vn\/index.php\/wp-json\/wp\/v2\/pages\/13797"}],"collection":[{"href":"https:\/\/rdi.edu.vn\/index.php\/wp-json\/wp\/v2\/pages"}],"about":[{"href":"https:\/\/rdi.edu.vn\/index.php\/wp-json\/wp\/v2\/types\/page"}],"author":[{"embeddable":true,"href":"https:\/\/rdi.edu.vn\/index.php\/wp-json\/wp\/v2\/users\/1"}],"replies":[{"embeddable":true,"href":"https:\/\/rdi.edu.vn\/index.php\/wp-json\/wp\/v2\/comments?post=13797"}],"version-history":[{"count":0,"href":"https:\/\/rdi.edu.vn\/index.php\/wp-json\/wp\/v2\/pages\/13797\/revisions"}],"wp:attachment":[{"href":"https:\/\/rdi.edu.vn\/index.php\/wp-json\/wp\/v2\/media?parent=13797"}],"curies":[{"name":"wp","href":"https:\/\/api.w.org\/{rel}","templated":true}]}}