{"id":12958,"date":"2020-07-28T16:03:32","date_gmt":"2020-07-28T09:03:32","guid":{"rendered":"https:\/\/qldt.rdi.edu.vn\/rdiwp\/?page_id=12958"},"modified":"2020-11-05T08:52:17","modified_gmt":"2020-11-05T01:52:17","slug":"video-gallery","status":"publish","type":"page","link":"https:\/\/rdi.edu.vn\/index.php\/video-gallery\/","title":{"rendered":"Video gallery"},"content":{"rendered":"\t\t<div data-elementor-type=\"wp-page\" data-elementor-id=\"12958\" class=\"elementor elementor-12958\" data-elementor-settings=\"[]\">\n\t\t\t\t\t\t<div class=\"elementor-inner\">\n\t\t\t\t\t\t\t<div class=\"elementor-section-wrap\">\n\t\t\t\t\t\t\t<section class=\"elementor-section elementor-top-section elementor-element elementor-element-30448dc9 elementor-section-boxed elementor-section-height-default elementor-section-height-default\" data-id=\"30448dc9\" data-element_type=\"section\">\n\t\t\t\t\t\t<div class=\"elementor-container elementor-column-gap-default\">\n\t\t\t\t\t\t\t<div class=\"elementor-row\">\n\t\t\t\t\t<div class=\"elementor-column elementor-col-100 elementor-top-column elementor-element elementor-element-1930091d\" data-id=\"1930091d\" data-element_type=\"column\">\n\t\t\t<div class=\"elementor-column-wrap elementor-element-populated\">\n\t\t\t\t\t\t\t<div class=\"elementor-widget-wrap\">\n\t\t\t\t\t\t<div class=\"elementor-element elementor-element-791221b3 elementor-widget elementor-widget-text-editor\" data-id=\"791221b3\" data-element_type=\"widget\" data-widget_type=\"text-editor.default\">\n\t\t\t\t<div class=\"elementor-widget-container\">\n\t\t\t\t\t\t\t\t<div class=\"elementor-text-editor elementor-clearfix\">\n\t\t\t\t\t<!-- wp:paragraph -->\n<p>\r\n<div class=\"aiovg aiovg-videos aiovg-videos-template-classic\">\r\n\t<div class=\"aiovg-row\">            \r\n        <div class=\"aiovg-col aiovg-col-3\">\r\n            \n<div class=\"aiovg-thumbnail aiovg-thumbnail-style-image-top\" data-id=\"15684\">\n    <a href=\"https:\/\/rdi.edu.vn\/index.php\/aiovg_videos\/31-thu-thuat-su-dung-dien-thoai-cua-ban-_soi-sang-channel\/\" class=\"aiovg-responsive-container\" style=\"padding-bottom: 56.25%;\">\n        <img src=\"data:image\/gif;base64,R0lGODlhAQABAAAAACH5BAEKAAEALAAAAAABAAEAAAICTAEAOw==\" alt=\"31 th\u1ee7 thu\u1eadt s\u1eed d\u1ee5ng \u0111i\u1ec7n tho\u1ea1i c\u1ee7a b\u1ea1n _Soi s\u00e1ng channel\" class=\"aiovg-responsive-element lazyload\" data-src=\"https:\/\/rdi.edu.vn\/wp-content\/uploads\/2021\/09\/31-MEO-TOI-UU-CHUC-NANG-DIEN-THOAI-1024x576.png\">                    \n        \n                \n        <svg class=\"aiovg-svg-icon aiovg-svg-icon-play\" width=\"32\" height=\"32\" viewBox=\"0 0 32 32\">\n            <path d=\"M16 0c-8.837 0-16 7.163-16 16s7.163 16 16 16 16-7.163 16-16-7.163-16-16-16zM16 29c-7.18 0-13-5.82-13-13s5.82-13 13-13 13 5.82 13 13-5.82 13-13 13zM12 9l12 7-12 7z\"><\/path>\n        <\/svg>\n    <\/a>    \t\n    \n    <div class=\"aiovg-caption\">\n                    <div class=\"aiovg-title\">\n                <a href=\"https:\/\/rdi.edu.vn\/index.php\/aiovg_videos\/31-thu-thuat-su-dung-dien-thoai-cua-ban-_soi-sang-channel\/\" class=\"aiovg-link-title\">31 th\u1ee7 thu\u1eadt s\u1eed d\u1ee5ng \u0111i\u1ec7n tho\u1ea1i c\u1ee7a b\u1ea1n _Soi s\u00e1ng channel<\/a>\n            <\/div>\n        \n                    \n                \n        \n                \n            <\/div>\n<\/div>            \r\n        <\/div>                \r\n                    \r\n        <div class=\"aiovg-col aiovg-col-3\">\r\n            \n<div class=\"aiovg-thumbnail aiovg-thumbnail-style-image-top\" data-id=\"15681\">\n    <a href=\"https:\/\/rdi.edu.vn\/index.php\/aiovg_videos\/20-meo-giup-dien-thoai-cua-ban-su-dung-duoc-lau-hon_soi-sang-channel\/\" class=\"aiovg-responsive-container\" style=\"padding-bottom: 56.25%;\">\n        <img src=\"data:image\/gif;base64,R0lGODlhAQABAAAAACH5BAEKAAEALAAAAAABAAEAAAICTAEAOw==\" alt=\"20 m\u1eb9o gi\u00fap \u0111i\u1ec7n tho\u1ea1i c\u1ee7a b\u1ea1n s\u1eed d\u1ee5ng \u0111\u01b0\u1ee3c l\u00e2u h\u01a1n_Soi s\u00e1ng channel\" class=\"aiovg-responsive-element lazyload\" data-src=\"https:\/\/rdi.edu.vn\/wp-content\/uploads\/2021\/09\/20-MEO-SU-DUNG-DIEN-THOAI-1024x576.png\">                    \n        \n                \n        <svg class=\"aiovg-svg-icon aiovg-svg-icon-play\" width=\"32\" height=\"32\" viewBox=\"0 0 32 32\">\n            <path d=\"M16 0c-8.837 0-16 7.163-16 16s7.163 16 16 16 16-7.163 16-16-7.163-16-16-16zM16 29c-7.18 0-13-5.82-13-13s5.82-13 13-13 13 5.82 13 13-5.82 13-13 13zM12 9l12 7-12 7z\"><\/path>\n        <\/svg>\n    <\/a>    \t\n    \n    <div class=\"aiovg-caption\">\n                    <div class=\"aiovg-title\">\n                <a href=\"https:\/\/rdi.edu.vn\/index.php\/aiovg_videos\/20-meo-giup-dien-thoai-cua-ban-su-dung-duoc-lau-hon_soi-sang-channel\/\" class=\"aiovg-link-title\">20 m\u1eb9o gi\u00fap \u0111i\u1ec7n tho\u1ea1i c\u1ee7a b\u1ea1n s\u1eed d\u1ee5ng \u0111\u01b0\u1ee3c l\u00e2u h\u01a1n_Soi s\u00e1ng channel<\/a>\n            <\/div>\n        \n                    \n                \n        \n                \n            <\/div>\n<\/div>            \r\n        <\/div>                \r\n                    \r\n        <div class=\"aiovg-col aiovg-col-3\">\r\n            \n<div class=\"aiovg-thumbnail aiovg-thumbnail-style-image-top\" data-id=\"15232\">\n    <a href=\"https:\/\/rdi.edu.vn\/index.php\/aiovg_videos\/huong-dan-hoc-truc-tuyen-chuong-trinh-cu-nhan-truc-tuyen\/\" class=\"aiovg-responsive-container\" style=\"padding-bottom: 56.25%;\">\n        <img src=\"data:image\/gif;base64,R0lGODlhAQABAAAAACH5BAEKAAEALAAAAAABAAEAAAICTAEAOw==\" alt=\"H\u01b0\u1edbng d\u1eabn h\u1ecdc tr\u1ef1c tuy\u1ebfn Ch\u01b0\u01a1ng tr\u00ecnh C\u1eed nh\u00e2n tr\u1ef1c tuy\u1ebfn\" class=\"aiovg-responsive-element lazyload\" data-src=\"https:\/\/rdi.edu.vn\/wp-content\/uploads\/2021\/07\/HUONG-DAN-HOC-TRUC-TUYEN_CHUONG-TRINH-CU-NHAN-TRUC-TUYEN.jpg\">                    \n        \n                \n        <svg class=\"aiovg-svg-icon aiovg-svg-icon-play\" width=\"32\" height=\"32\" viewBox=\"0 0 32 32\">\n            <path d=\"M16 0c-8.837 0-16 7.163-16 16s7.163 16 16 16 16-7.163 16-16-7.163-16-16-16zM16 29c-7.18 0-13-5.82-13-13s5.82-13 13-13 13 5.82 13 13-5.82 13-13 13zM12 9l12 7-12 7z\"><\/path>\n        <\/svg>\n    <\/a>    \t\n    \n    <div class=\"aiovg-caption\">\n                    <div class=\"aiovg-title\">\n                <a href=\"https:\/\/rdi.edu.vn\/index.php\/aiovg_videos\/huong-dan-hoc-truc-tuyen-chuong-trinh-cu-nhan-truc-tuyen\/\" class=\"aiovg-link-title\">H\u01b0\u1edbng d\u1eabn h\u1ecdc tr\u1ef1c tuy\u1ebfn Ch\u01b0\u01a1ng tr\u00ecnh C\u1eed nh\u00e2n tr\u1ef1c tuy\u1ebfn<\/a>\n            <\/div>\n        \n                    \n                \n        \n                \n            <\/div>\n<\/div>            \r\n        <\/div>                \r\n        <\/div><div class=\"aiovg-row\">            \r\n        <div class=\"aiovg-col aiovg-col-3\">\r\n            \n<div class=\"aiovg-thumbnail aiovg-thumbnail-style-image-top\" data-id=\"15126\">\n    <a href=\"https:\/\/rdi.edu.vn\/index.php\/aiovg_videos\/ky-nang-noi-tieng-anh\/\" class=\"aiovg-responsive-container\" style=\"padding-bottom: 56.25%;\">\n        <img src=\"data:image\/gif;base64,R0lGODlhAQABAAAAACH5BAEKAAEALAAAAAABAAEAAAICTAEAOw==\" alt=\"K\u1ef9 n\u0103ng n\u00f3i Ti\u1ebfng Anh\" class=\"aiovg-responsive-element lazyload\" data-src=\"https:\/\/rdi.edu.vn\/wp-content\/uploads\/2021\/06\/Untitled.jpg\">                    \n        \n                \n        <svg class=\"aiovg-svg-icon aiovg-svg-icon-play\" width=\"32\" height=\"32\" viewBox=\"0 0 32 32\">\n            <path d=\"M16 0c-8.837 0-16 7.163-16 16s7.163 16 16 16 16-7.163 16-16-7.163-16-16-16zM16 29c-7.18 0-13-5.82-13-13s5.82-13 13-13 13 5.82 13 13-5.82 13-13 13zM12 9l12 7-12 7z\"><\/path>\n        <\/svg>\n    <\/a>    \t\n    \n    <div class=\"aiovg-caption\">\n                    <div class=\"aiovg-title\">\n                <a href=\"https:\/\/rdi.edu.vn\/index.php\/aiovg_videos\/ky-nang-noi-tieng-anh\/\" class=\"aiovg-link-title\">K\u1ef9 n\u0103ng n\u00f3i Ti\u1ebfng Anh<\/a>\n            <\/div>\n        \n                    \n                \n        \n                \n            <\/div>\n<\/div>            \r\n        <\/div>                \r\n                    \r\n        <div class=\"aiovg-col aiovg-col-3\">\r\n            \n<div class=\"aiovg-thumbnail aiovg-thumbnail-style-image-top\" data-id=\"14925\">\n    <a href=\"https:\/\/rdi.edu.vn\/index.php\/aiovg_videos\/gioi-thieu-chuong-trinh-tieng-anh-va-dao-tao-quoc-te\/\" class=\"aiovg-responsive-container\" style=\"padding-bottom: 56.25%;\">\n        <img src=\"data:image\/gif;base64,R0lGODlhAQABAAAAACH5BAEKAAEALAAAAAABAAEAAAICTAEAOw==\" alt=\"Gi\u1edbi thi\u1ec7u ch\u01b0\u01a1ng tr\u00ecnh Ti\u1ebfng Anh v\u00e0 \u0110\u00e0o t\u1ea1o Qu\u1ed1c t\u1ebf\" class=\"aiovg-responsive-element lazyload\" data-src=\"https:\/\/rdi.edu.vn\/wp-content\/uploads\/2021\/05\/image003-1.png\">                    \n        \n                \n        <svg class=\"aiovg-svg-icon aiovg-svg-icon-play\" width=\"32\" height=\"32\" viewBox=\"0 0 32 32\">\n            <path d=\"M16 0c-8.837 0-16 7.163-16 16s7.163 16 16 16 16-7.163 16-16-7.163-16-16-16zM16 29c-7.18 0-13-5.82-13-13s5.82-13 13-13 13 5.82 13 13-5.82 13-13 13zM12 9l12 7-12 7z\"><\/path>\n        <\/svg>\n    <\/a>    \t\n    \n    <div class=\"aiovg-caption\">\n                    <div class=\"aiovg-title\">\n                <a href=\"https:\/\/rdi.edu.vn\/index.php\/aiovg_videos\/gioi-thieu-chuong-trinh-tieng-anh-va-dao-tao-quoc-te\/\" class=\"aiovg-link-title\">Gi\u1edbi thi\u1ec7u ch\u01b0\u01a1ng tr\u00ecnh Ti\u1ebfng Anh v\u00e0 \u0110\u00e0o t\u1ea1o Qu\u1ed1c t\u1ebf<\/a>\n            <\/div>\n        \n                    \n                \n        \n                \n            <\/div>\n<\/div>            \r\n        <\/div>                \r\n                    \r\n        <div class=\"aiovg-col aiovg-col-3\">\r\n            \n<div class=\"aiovg-thumbnail aiovg-thumbnail-style-image-top\" data-id=\"14922\">\n    <a href=\"https:\/\/rdi.edu.vn\/index.php\/aiovg_videos\/tao-bai-trac-nghiem-cham-diem-tu-dong\/\" class=\"aiovg-responsive-container\" style=\"padding-bottom: 56.25%;\">\n        <img src=\"data:image\/gif;base64,R0lGODlhAQABAAAAACH5BAEKAAEALAAAAAABAAEAAAICTAEAOw==\" alt=\"T\u1ea1o b\u00e0i tr\u1eafc nghi\u1ec7m ch\u1ea5m \u0111i\u1ec3m t\u1ef1 \u0111\u1ed9ng\" class=\"aiovg-responsive-element lazyload\" data-src=\"https:\/\/rdi.edu.vn\/wp-content\/uploads\/2021\/05\/image001-1.png\">                    \n        \n                \n        <svg class=\"aiovg-svg-icon aiovg-svg-icon-play\" width=\"32\" height=\"32\" viewBox=\"0 0 32 32\">\n            <path d=\"M16 0c-8.837 0-16 7.163-16 16s7.163 16 16 16 16-7.163 16-16-7.163-16-16-16zM16 29c-7.18 0-13-5.82-13-13s5.82-13 13-13 13 5.82 13 13-5.82 13-13 13zM12 9l12 7-12 7z\"><\/path>\n        <\/svg>\n    <\/a>    \t\n    \n    <div class=\"aiovg-caption\">\n                    <div class=\"aiovg-title\">\n                <a href=\"https:\/\/rdi.edu.vn\/index.php\/aiovg_videos\/tao-bai-trac-nghiem-cham-diem-tu-dong\/\" class=\"aiovg-link-title\">T\u1ea1o b\u00e0i tr\u1eafc nghi\u1ec7m ch\u1ea5m \u0111i\u1ec3m t\u1ef1 \u0111\u1ed9ng<\/a>\n            <\/div>\n        \n                    \n                \n        \n                \n            <\/div>\n<\/div>            \r\n        <\/div>                \r\n        <\/div><div class=\"aiovg-row\">            \r\n        <div class=\"aiovg-col aiovg-col-3\">\r\n            \n<div class=\"aiovg-thumbnail aiovg-thumbnail-style-image-top\" data-id=\"14428\">\n    <a href=\"https:\/\/rdi.edu.vn\/index.php\/aiovg_videos\/huong-dan-giang-day-truc-tuyen_final\/\" class=\"aiovg-responsive-container\" style=\"padding-bottom: 56.25%;\">\n        <img src=\"data:image\/gif;base64,R0lGODlhAQABAAAAACH5BAEKAAEALAAAAAABAAEAAAICTAEAOw==\" alt=\"H\u01b0\u1edbng d\u1eabn gi\u1ea3ng d\u1ea1y tr\u1ef1c tuy\u1ebfn_FINAL\" class=\"aiovg-responsive-element lazyload\" data-src=\"https:\/\/rdi.edu.vn\/wp-content\/uploads\/2021\/04\/Untitled.jpg\">                    \n        \n                \n        <svg class=\"aiovg-svg-icon aiovg-svg-icon-play\" width=\"32\" height=\"32\" viewBox=\"0 0 32 32\">\n            <path d=\"M16 0c-8.837 0-16 7.163-16 16s7.163 16 16 16 16-7.163 16-16-7.163-16-16-16zM16 29c-7.18 0-13-5.82-13-13s5.82-13 13-13 13 5.82 13 13-5.82 13-13 13zM12 9l12 7-12 7z\"><\/path>\n        <\/svg>\n    <\/a>    \t\n    \n    <div class=\"aiovg-caption\">\n                    <div class=\"aiovg-title\">\n                <a href=\"https:\/\/rdi.edu.vn\/index.php\/aiovg_videos\/huong-dan-giang-day-truc-tuyen_final\/\" class=\"aiovg-link-title\">H\u01b0\u1edbng d\u1eabn gi\u1ea3ng d\u1ea1y tr\u1ef1c tuy\u1ebfn_FINAL<\/a>\n            <\/div>\n        \n                    \n                \n        \n                \n            <\/div>\n<\/div>            \r\n        <\/div>                \r\n                    \r\n        <div class=\"aiovg-col aiovg-col-3\">\r\n            \n<div class=\"aiovg-thumbnail aiovg-thumbnail-style-image-top\" data-id=\"14233\">\n    <a href=\"https:\/\/rdi.edu.vn\/index.php\/aiovg_videos\/huong-dan-su-dung-mcrosoft-teams\/\" class=\"aiovg-responsive-container\" style=\"padding-bottom: 56.25%;\">\n        <img src=\"data:image\/gif;base64,R0lGODlhAQABAAAAACH5BAEKAAEALAAAAAABAAEAAAICTAEAOw==\" alt=\"H\u01b0\u1edbng d\u1eabn s\u1eed d\u1ee5ng Mcrosoft Teams\" class=\"aiovg-responsive-element lazyload\" data-src=\"https:\/\/rdi.edu.vn\/wp-content\/uploads\/2021\/03\/TTDT.png\">                    \n        \n                \n        <svg class=\"aiovg-svg-icon aiovg-svg-icon-play\" width=\"32\" height=\"32\" viewBox=\"0 0 32 32\">\n            <path d=\"M16 0c-8.837 0-16 7.163-16 16s7.163 16 16 16 16-7.163 16-16-7.163-16-16-16zM16 29c-7.18 0-13-5.82-13-13s5.82-13 13-13 13 5.82 13 13-5.82 13-13 13zM12 9l12 7-12 7z\"><\/path>\n        <\/svg>\n    <\/a>    \t\n    \n    <div class=\"aiovg-caption\">\n                    <div class=\"aiovg-title\">\n                <a href=\"https:\/\/rdi.edu.vn\/index.php\/aiovg_videos\/huong-dan-su-dung-mcrosoft-teams\/\" class=\"aiovg-link-title\">H\u01b0\u1edbng d\u1eabn s\u1eed d\u1ee5ng Mcrosoft Teams<\/a>\n            <\/div>\n        \n                    \n                \n        \n                \n            <\/div>\n<\/div>            \r\n        <\/div>                \r\n                    \r\n        <div class=\"aiovg-col aiovg-col-3\">\r\n            \n<div class=\"aiovg-thumbnail aiovg-thumbnail-style-image-top\" data-id=\"14231\">\n    <a href=\"https:\/\/rdi.edu.vn\/index.php\/aiovg_videos\/ky-nang-bo-mat-khau-bao-ve-sheet-trong-excel\/\" class=\"aiovg-responsive-container\" style=\"padding-bottom: 56.25%;\">\n        <img src=\"data:image\/gif;base64,R0lGODlhAQABAAAAACH5BAEKAAEALAAAAAABAAEAAAICTAEAOw==\" alt=\"K\u1ef9 n\u0103ng b\u1ecf m\u1eadt kh\u1ea9u b\u1ea3o v\u1ec7 Sheet trong Excel\" class=\"aiovg-responsive-element lazyload\" data-src=\"https:\/\/rdi.edu.vn\/wp-content\/uploads\/2021\/03\/NCPT.png\">                    \n        \n                \n        <svg class=\"aiovg-svg-icon aiovg-svg-icon-play\" width=\"32\" height=\"32\" viewBox=\"0 0 32 32\">\n            <path d=\"M16 0c-8.837 0-16 7.163-16 16s7.163 16 16 16 16-7.163 16-16-7.163-16-16-16zM16 29c-7.18 0-13-5.82-13-13s5.82-13 13-13 13 5.82 13 13-5.82 13-13 13zM12 9l12 7-12 7z\"><\/path>\n        <\/svg>\n    <\/a>    \t\n    \n    <div class=\"aiovg-caption\">\n                    <div class=\"aiovg-title\">\n                <a href=\"https:\/\/rdi.edu.vn\/index.php\/aiovg_videos\/ky-nang-bo-mat-khau-bao-ve-sheet-trong-excel\/\" class=\"aiovg-link-title\">K\u1ef9 n\u0103ng b\u1ecf m\u1eadt kh\u1ea9u b\u1ea3o v\u1ec7 Sheet trong Excel<\/a>\n            <\/div>\n        \n                    \n                \n        \n                \n            <\/div>\n<\/div>            \r\n        <\/div>                \r\n        <\/div><div class=\"aiovg-row\">            \r\n        <div class=\"aiovg-col aiovg-col-3\">\r\n            \n<div class=\"aiovg-thumbnail aiovg-thumbnail-style-image-top\" data-id=\"14227\">\n    <a href=\"https:\/\/rdi.edu.vn\/index.php\/aiovg_videos\/huong-dan-cac-buoc-lam-bai-thi-vstep-tren-may-tinh-bac-b1-b2-c1\/\" class=\"aiovg-responsive-container\" style=\"padding-bottom: 56.25%;\">\n        <img src=\"data:image\/gif;base64,R0lGODlhAQABAAAAACH5BAEKAAEALAAAAAABAAEAAAICTAEAOw==\" alt=\"H\u01b0\u1edbng d\u1eabn c\u00e1c b\u01b0\u1edbc l\u00e0m b\u00e0i thi Vstep tr\u00ean m\u00e1y t\u00ednh b\u1eadc B1, B2, C1\" class=\"aiovg-responsive-element lazyload\" data-src=\"https:\/\/rdi.edu.vn\/wp-content\/uploads\/2021\/03\/GDQT.png\">                    \n        \n                \n        <svg class=\"aiovg-svg-icon aiovg-svg-icon-play\" width=\"32\" height=\"32\" viewBox=\"0 0 32 32\">\n            <path d=\"M16 0c-8.837 0-16 7.163-16 16s7.163 16 16 16 16-7.163 16-16-7.163-16-16-16zM16 29c-7.18 0-13-5.82-13-13s5.82-13 13-13 13 5.82 13 13-5.82 13-13 13zM12 9l12 7-12 7z\"><\/path>\n        <\/svg>\n    <\/a>    \t\n    \n    <div class=\"aiovg-caption\">\n                    <div class=\"aiovg-title\">\n                <a href=\"https:\/\/rdi.edu.vn\/index.php\/aiovg_videos\/huong-dan-cac-buoc-lam-bai-thi-vstep-tren-may-tinh-bac-b1-b2-c1\/\" class=\"aiovg-link-title\">H\u01b0\u1edbng d\u1eabn c\u00e1c b\u01b0\u1edbc l\u00e0m b\u00e0i thi Vstep tr\u00ean m\u00e1y t\u00ednh b\u1eadc B1, B2, C1<\/a>\n            <\/div>\n        \n                    \n                \n        \n                \n            <\/div>\n<\/div>            \r\n        <\/div>                \r\n                    \r\n        <div class=\"aiovg-col aiovg-col-3\">\r\n            \n<div class=\"aiovg-thumbnail aiovg-thumbnail-style-image-top\" data-id=\"13742\">\n    <a href=\"https:\/\/rdi.edu.vn\/index.php\/aiovg_videos\/cap-nhat-thoi-gian-nhap-so-lieu-trong-excel\/\" class=\"aiovg-responsive-container\" style=\"padding-bottom: 56.25%;\">\n        <img src=\"data:image\/gif;base64,R0lGODlhAQABAAAAACH5BAEKAAEALAAAAAABAAEAAAICTAEAOw==\" alt=\"C\u1eadp nh\u1eadt th\u1eddi gian nh\u1eadp s\u1ed1 li\u1ec7u trong Excel\" class=\"aiovg-responsive-element lazyload\" data-src=\"https:\/\/rdi.edu.vn\/wp-content\/uploads\/2021\/01\/Screen-Shot-2021-01-19-at-10.11.51-AM.png\">                    \n        \n                \n        <svg class=\"aiovg-svg-icon aiovg-svg-icon-play\" width=\"32\" height=\"32\" viewBox=\"0 0 32 32\">\n            <path d=\"M16 0c-8.837 0-16 7.163-16 16s7.163 16 16 16 16-7.163 16-16-7.163-16-16-16zM16 29c-7.18 0-13-5.82-13-13s5.82-13 13-13 13 5.82 13 13-5.82 13-13 13zM12 9l12 7-12 7z\"><\/path>\n        <\/svg>\n    <\/a>    \t\n    \n    <div class=\"aiovg-caption\">\n                    <div class=\"aiovg-title\">\n                <a href=\"https:\/\/rdi.edu.vn\/index.php\/aiovg_videos\/cap-nhat-thoi-gian-nhap-so-lieu-trong-excel\/\" class=\"aiovg-link-title\">C\u1eadp nh\u1eadt th\u1eddi gian nh\u1eadp s\u1ed1 li\u1ec7u trong Excel<\/a>\n            <\/div>\n        \n                    \n                \n        \n                \n            <\/div>\n<\/div>            \r\n        <\/div>                \r\n                    \r\n        <div class=\"aiovg-col aiovg-col-3\">\r\n            \n<div class=\"aiovg-thumbnail aiovg-thumbnail-style-image-top\" data-id=\"13740\">\n    <a href=\"https:\/\/rdi.edu.vn\/index.php\/aiovg_videos\/chia-se-kinh-nghiem-hoc-tieng-anh-phuong-phap-hoc-giao-tiep-hieu-qua\/\" class=\"aiovg-responsive-container\" style=\"padding-bottom: 56.25%;\">\n        <img src=\"data:image\/gif;base64,R0lGODlhAQABAAAAACH5BAEKAAEALAAAAAABAAEAAAICTAEAOw==\" alt=\"Chia s\u1ebb kinh nghi\u1ec7m h\u1ecdc ti\u1ebfng anh &#8211; Ph\u01b0\u01a1ng ph\u00e1p h\u1ecdc giao ti\u1ebfp hi\u1ec7u qu\u1ea3\" class=\"aiovg-responsive-element lazyload\" data-src=\"https:\/\/rdi.edu.vn\/wp-content\/uploads\/2021\/01\/Screen-Shot-2021-01-19-at-10.01.33-AM.png\">                    \n        \n                \n        <svg class=\"aiovg-svg-icon aiovg-svg-icon-play\" width=\"32\" height=\"32\" viewBox=\"0 0 32 32\">\n            <path d=\"M16 0c-8.837 0-16 7.163-16 16s7.163 16 16 16 16-7.163 16-16-7.163-16-16-16zM16 29c-7.18 0-13-5.82-13-13s5.82-13 13-13 13 5.82 13 13-5.82 13-13 13zM12 9l12 7-12 7z\"><\/path>\n        <\/svg>\n    <\/a>    \t\n    \n    <div class=\"aiovg-caption\">\n                    <div class=\"aiovg-title\">\n                <a href=\"https:\/\/rdi.edu.vn\/index.php\/aiovg_videos\/chia-se-kinh-nghiem-hoc-tieng-anh-phuong-phap-hoc-giao-tiep-hieu-qua\/\" class=\"aiovg-link-title\">Chia s\u1ebb kinh nghi\u1ec7m h\u1ecdc ti\u1ebfng anh &#8211; Ph\u01b0\u01a1ng ph\u00e1p h\u1ecdc giao ti\u1ebfp hi\u1ec7u qu\u1ea3<\/a>\n            <\/div>\n        \n                    \n                \n        \n                \n            <\/div>\n<\/div>            \r\n        <\/div>                \r\n        <\/div><div class=\"aiovg-pagination-wrapper aiovg-text-center\"><div class=\"aiovg-pagination\"><span aria-current=\"page\" class=\"page-numbers current\">1<\/span><a class=\"page-numbers\" href=\"https:\/\/rdi.edu.vn\/index.php\/wp-json\/wp\/v2\/pages\/12958\/page\/2\">2<\/a><a class=\"page-numbers\" href=\"https:\/\/rdi.edu.vn\/index.php\/wp-json\/wp\/v2\/pages\/12958\/page\/3\">3<\/a><a class=\"next page-numbers\" href=\"https:\/\/rdi.edu.vn\/index.php\/wp-json\/wp\/v2\/pages\/12958\/page\/2\">&raquo;<\/a><\/div><p class=\"aiovg-text-muted\">Page 1 of 3<\/p><\/div><\/div><\/p>\n<!-- \/wp:paragraph -->\t\t\t\t\t<\/div>\n\t\t\t\t\t\t<\/div>\n\t\t\t\t<\/div>\n\t\t\t\t\t\t<\/div>\n\t\t\t\t\t<\/div>\n\t\t<\/div>\n\t\t\t\t\t\t\t\t<\/div>\n\t\t\t\t\t<\/div>\n\t\t<\/section>\n\t\t\t\t\t\t<\/div>\n\t\t\t\t\t\t<\/div>\n\t\t\t\t\t<\/div>\n\t\t","protected":false},"excerpt":{"rendered":"","protected":false},"author":1,"featured_media":0,"parent":0,"menu_order":0,"comment_status":"closed","ping_status":"closed","template":"","meta":[],"_links":{"self":[{"href":"https:\/\/rdi.edu.vn\/index.php\/wp-json\/wp\/v2\/pages\/12958"}],"collection":[{"href":"https:\/\/rdi.edu.vn\/index.php\/wp-json\/wp\/v2\/pages"}],"about":[{"href":"https:\/\/rdi.edu.vn\/index.php\/wp-json\/wp\/v2\/types\/page"}],"author":[{"embeddable":true,"href":"https:\/\/rdi.edu.vn\/index.php\/wp-json\/wp\/v2\/users\/1"}],"replies":[{"embeddable":true,"href":"https:\/\/rdi.edu.vn\/index.php\/wp-json\/wp\/v2\/comments?post=12958"}],"version-history":[{"count":0,"href":"https:\/\/rdi.edu.vn\/index.php\/wp-json\/wp\/v2\/pages\/12958\/revisions"}],"wp:attachment":[{"href":"https:\/\/rdi.edu.vn\/index.php\/wp-json\/wp\/v2\/media?parent=12958"}],"curies":[{"name":"wp","href":"https:\/\/api.w.org\/{rel}","templated":true}]}}