{"id":12952,"date":"2020-07-28T15:47:52","date_gmt":"2020-07-28T08:47:52","guid":{"rendered":"https:\/\/qldt.rdi.edu.vn\/rdiwp\/index.php\/video-category\/"},"modified":"2020-07-28T15:47:52","modified_gmt":"2020-07-28T08:47:52","slug":"video-category","status":"publish","type":"page","link":"https:\/\/rdi.edu.vn\/index.php\/video-category\/","title":{"rendered":"Video Category"},"content":{"rendered":"\r\n<div class=\"aiovg aiovg-categories aiovg-categories-template-grid\">\r\n\t<div class=\"aiovg-row\">            \r\n        <div class=\"aiovg-col aiovg-col-3\">\t\t\r\n            \n<div class=\"aiovg-thumbnail\">\n    <a href=\"https:\/\/rdi.edu.vn\/index.php\/video-category\/trung-tam-dich-vu-va-phat-trien-cong-dong\/\" class=\"aiovg-responsive-container\" style=\"padding-bottom: 56.25%;\">\n        <img src=\"data:image\/gif;base64,R0lGODlhAQABAAAAACH5BAEKAAEALAAAAAABAAEAAAICTAEAOw==\" alt=\"Trung t\u00e2m D\u1ecbch v\u1ee5 v\u00e0 Ph\u00e1t tri\u1ec3n C\u1ed9ng \u0111\u1ed3ng\" class=\"aiovg-responsive-element lazyload\" data-src=\"https:\/\/rdi.edu.vn\/wp-content\/plugins\/all-in-one-video-gallery\/public\/assets\/images\/placeholder-image.png\">\n    <\/a>\n    \n    <div class=\"aiovg-caption\">\n        <div class=\"aiovg-title\">\n            <a href=\"https:\/\/rdi.edu.vn\/index.php\/video-category\/trung-tam-dich-vu-va-phat-trien-cong-dong\/\" class=\"aiovg-link-title\">Trung t\u00e2m D\u1ecbch v\u1ee5 v\u00e0 Ph\u00e1t tri\u1ec3n C\u1ed9ng \u0111\u1ed3ng<\/a>\n        <\/div>\n            \n                \n                    <div class=\"aiovg-count aiovg-text-muted\">\n                <svg class=\"aiovg-svg-icon aiovg-svg-icon-videos\" width=\"16\" height=\"16\" viewBox=\"0 0 32 32\">\n                    <path d=\"M0 4v24h32v-24h-32zM6 26h-4v-4h4v4zM6 18h-4v-4h4v4zM6 10h-4v-4h4v4zM24 26h-16v-20h16v20zM30 26h-4v-4h4v4zM30 18h-4v-4h4v4zM30 10h-4v-4h4v4zM12 10v12l8-6z\"><\/path>\n                <\/svg>\n                4 videos            <\/div>\n            <\/div>            \t\t\t\n<\/div>\t\t\r\n        <\/div>                        \r\n                    \r\n        <div class=\"aiovg-col aiovg-col-3\">\t\t\r\n            \n<div class=\"aiovg-thumbnail\">\n    <a href=\"https:\/\/rdi.edu.vn\/index.php\/video-category\/trung-tam-dao-tao\/\" class=\"aiovg-responsive-container\" style=\"padding-bottom: 56.25%;\">\n        <img src=\"data:image\/gif;base64,R0lGODlhAQABAAAAACH5BAEKAAEALAAAAAABAAEAAAICTAEAOw==\" alt=\"Trung t\u00e2m \u0111\u00e0o t\u1ea1o\" class=\"aiovg-responsive-element lazyload\" data-src=\"https:\/\/rdi.edu.vn\/wp-content\/plugins\/all-in-one-video-gallery\/public\/assets\/images\/placeholder-image.png\">\n    <\/a>\n    \n    <div class=\"aiovg-caption\">\n        <div class=\"aiovg-title\">\n            <a href=\"https:\/\/rdi.edu.vn\/index.php\/video-category\/trung-tam-dao-tao\/\" class=\"aiovg-link-title\">Trung t\u00e2m \u0111\u00e0o t\u1ea1o<\/a>\n        <\/div>\n            \n                \n                    <div class=\"aiovg-count aiovg-text-muted\">\n                <svg class=\"aiovg-svg-icon aiovg-svg-icon-videos\" width=\"16\" height=\"16\" viewBox=\"0 0 32 32\">\n                    <path d=\"M0 4v24h32v-24h-32zM6 26h-4v-4h4v4zM6 18h-4v-4h4v4zM6 10h-4v-4h4v4zM24 26h-16v-20h16v20zM30 26h-4v-4h4v4zM30 18h-4v-4h4v4zM30 10h-4v-4h4v4zM12 10v12l8-6z\"><\/path>\n                <\/svg>\n                11 videos            <\/div>\n            <\/div>            \t\t\t\n<\/div>\t\t\r\n        <\/div>                        \r\n                    \r\n        <div class=\"aiovg-col aiovg-col-3\">\t\t\r\n            \n<div class=\"aiovg-thumbnail\">\n    <a href=\"https:\/\/rdi.edu.vn\/index.php\/video-category\/trung-tam-nghien-cuu-phat-trien\/\" class=\"aiovg-responsive-container\" style=\"padding-bottom: 56.25%;\">\n        <img src=\"data:image\/gif;base64,R0lGODlhAQABAAAAACH5BAEKAAEALAAAAAABAAEAAAICTAEAOw==\" alt=\"Trung t\u00e2m Nghi\u00ean c\u1ee9u ph\u00e1t tri\u1ec3n\" class=\"aiovg-responsive-element lazyload\" data-src=\"https:\/\/rdi.edu.vn\/wp-content\/plugins\/all-in-one-video-gallery\/public\/assets\/images\/placeholder-image.png\">\n    <\/a>\n    \n    <div class=\"aiovg-caption\">\n        <div class=\"aiovg-title\">\n            <a href=\"https:\/\/rdi.edu.vn\/index.php\/video-category\/trung-tam-nghien-cuu-phat-trien\/\" class=\"aiovg-link-title\">Trung t\u00e2m Nghi\u00ean c\u1ee9u ph\u00e1t tri\u1ec3n<\/a>\n        <\/div>\n            \n                \n                    <div class=\"aiovg-count aiovg-text-muted\">\n                <svg class=\"aiovg-svg-icon aiovg-svg-icon-videos\" width=\"16\" height=\"16\" viewBox=\"0 0 32 32\">\n                    <path d=\"M0 4v24h32v-24h-32zM6 26h-4v-4h4v4zM6 18h-4v-4h4v4zM6 10h-4v-4h4v4zM24 26h-16v-20h16v20zM30 26h-4v-4h4v4zM30 18h-4v-4h4v4zM30 10h-4v-4h4v4zM12 10v12l8-6z\"><\/path>\n                <\/svg>\n                10 videos            <\/div>\n            <\/div>            \t\t\t\n<\/div>\t\t\r\n        <\/div>                        \r\n        <\/div><div class=\"aiovg-row\">            \r\n        <div class=\"aiovg-col aiovg-col-3\">\t\t\r\n            \n<div class=\"aiovg-thumbnail\">\n    <a href=\"https:\/\/rdi.edu.vn\/index.php\/video-category\/trung-tam-phat-trien-giao-duc-quoc-te\/\" class=\"aiovg-responsive-container\" style=\"padding-bottom: 56.25%;\">\n        <img src=\"data:image\/gif;base64,R0lGODlhAQABAAAAACH5BAEKAAEALAAAAAABAAEAAAICTAEAOw==\" alt=\"Trung t\u00e2m Ph\u00e1t tri\u1ec3n Gi\u00e1o d\u1ee5c Qu\u1ed1c t\u1ebf\" class=\"aiovg-responsive-element lazyload\" data-src=\"https:\/\/rdi.edu.vn\/wp-content\/plugins\/all-in-one-video-gallery\/public\/assets\/images\/placeholder-image.png\">\n    <\/a>\n    \n    <div class=\"aiovg-caption\">\n        <div class=\"aiovg-title\">\n            <a href=\"https:\/\/rdi.edu.vn\/index.php\/video-category\/trung-tam-phat-trien-giao-duc-quoc-te\/\" class=\"aiovg-link-title\">Trung t\u00e2m Ph\u00e1t tri\u1ec3n Gi\u00e1o d\u1ee5c Qu\u1ed1c t\u1ebf<\/a>\n        <\/div>\n            \n                \n                    <div class=\"aiovg-count aiovg-text-muted\">\n                <svg class=\"aiovg-svg-icon aiovg-svg-icon-videos\" width=\"16\" height=\"16\" viewBox=\"0 0 32 32\">\n                    <path d=\"M0 4v24h32v-24h-32zM6 26h-4v-4h4v4zM6 18h-4v-4h4v4zM6 10h-4v-4h4v4zM24 26h-16v-20h16v20zM30 26h-4v-4h4v4zM30 18h-4v-4h4v4zM30 10h-4v-4h4v4zM12 10v12l8-6z\"><\/path>\n                <\/svg>\n                10 videos            <\/div>\n            <\/div>            \t\t\t\n<\/div>\t\t\r\n        <\/div>                        \r\n        <\/div><\/div>\n","protected":false},"excerpt":{"rendered":"","protected":false},"author":1,"featured_media":0,"parent":0,"menu_order":0,"comment_status":"closed","ping_status":"closed","template":"","meta":[],"_links":{"self":[{"href":"https:\/\/rdi.edu.vn\/index.php\/wp-json\/wp\/v2\/pages\/12952"}],"collection":[{"href":"https:\/\/rdi.edu.vn\/index.php\/wp-json\/wp\/v2\/pages"}],"about":[{"href":"https:\/\/rdi.edu.vn\/index.php\/wp-json\/wp\/v2\/types\/page"}],"author":[{"embeddable":true,"href":"https:\/\/rdi.edu.vn\/index.php\/wp-json\/wp\/v2\/users\/1"}],"replies":[{"embeddable":true,"href":"https:\/\/rdi.edu.vn\/index.php\/wp-json\/wp\/v2\/comments?post=12952"}],"version-history":[{"count":0,"href":"https:\/\/rdi.edu.vn\/index.php\/wp-json\/wp\/v2\/pages\/12952\/revisions"}],"wp:attachment":[{"href":"https:\/\/rdi.edu.vn\/index.php\/wp-json\/wp\/v2\/media?parent=12952"}],"curies":[{"name":"wp","href":"https:\/\/api.w.org\/{rel}","templated":true}]}}