{"id":12840,"date":"2020-07-09T14:40:46","date_gmt":"2020-07-09T07:40:46","guid":{"rendered":"https:\/\/qldt.rdi.edu.vn\/rdiwp\/?page_id=12840"},"modified":"2020-12-22T07:57:11","modified_gmt":"2020-12-22T00:57:11","slug":"gioi-thieu-ve-vien-phat-trien-nguon-luc-2","status":"publish","type":"page","link":"https:\/\/rdi.edu.vn\/index.php\/gioi-thieu-ve-vien-phat-trien-nguon-luc-2\/","title":{"rendered":"L\u1ecbch s\u1eed ph\u00e1t tri\u1ec3n"},"content":{"rendered":"\t\t<div data-elementor-type=\"wp-page\" data-elementor-id=\"12840\" class=\"elementor elementor-12840\" data-elementor-settings=\"[]\">\n\t\t\t\t\t\t<div class=\"elementor-inner\">\n\t\t\t\t\t\t\t<div class=\"elementor-section-wrap\">\n\t\t\t\t\t\t\t<section class=\"elementor-section elementor-top-section elementor-element elementor-element-1f741c35 elementor-section-full_width elementor-section-height-default elementor-section-height-default\" data-id=\"1f741c35\" data-element_type=\"section\">\n\t\t\t\t\t\t<div class=\"elementor-container elementor-column-gap-default\">\n\t\t\t\t\t\t\t<div class=\"elementor-row\">\n\t\t\t\t\t<div class=\"elementor-column elementor-col-100 elementor-top-column elementor-element elementor-element-79f45d00\" data-id=\"79f45d00\" data-element_type=\"column\">\n\t\t\t<div class=\"elementor-column-wrap elementor-element-populated\">\n\t\t\t\t\t\t\t<div class=\"elementor-widget-wrap\">\n\t\t\t\t\t\t<div class=\"elementor-element elementor-element-34439f71 elementor-widget elementor-widget-text-editor\" data-id=\"34439f71\" data-element_type=\"widget\" data-widget_type=\"text-editor.default\">\n\t\t\t\t<div class=\"elementor-widget-container\">\n\t\t\t\t\t\t\t\t<div class=\"elementor-text-editor elementor-clearfix\">\n\t\t\t\t\t<!-- wp:paragraph -->\n<p>\u00a0<\/p>\n<!-- \/wp:paragraph --><!-- wp:html -->\n<p style=\"font-size: 15px; font-family: 'Times New Roman';\"><strong>Vi\u1ec7n Ph\u00e1t tri\u1ec3n ngu\u1ed3n l\u1ef1c &#8211; Resource Development Institute (RDI)\u00a0<\/strong>l\u00e0 \u0111\u01a1n v\u1ecb tr\u1ef1c thu\u1ed9c Tr\u01b0\u1eddng \u0110\u1ea1i h\u1ecdc Tr\u00e0 Vinh, \u0111\u01b0\u1ee3c th\u00e0nh l\u1eadp theo Quy\u1ebft \u0111\u1ecbnh s\u1ed1 1143\/Q\u0110-\u0110HTV ng\u00e0y 20\/10\/2010 c\u1ee7a Hi\u1ec7u tr\u01b0\u1edfng Tr\u01b0\u1eddng \u0110\u1ea1i h\u1ecdc Tr\u00e0 Vinh.<br \/><strong>1. T\u1ea7m nh\u00ecn \u2013 S\u1ee9 m\u1ec7nh \u2013 Gi\u00e1 tr\u1ecb c\u1ed1t l\u00f5i<\/strong><br \/><strong>\u00a0\u00a0\u00a0\u00a01.1. T\u1ea7m nh\u00ecn<\/strong><br \/>\u00a0\u00a0\u00a0\u00a0\u00a0\u00a0\u00a0\u00a0 \u00a0\u00a0<strong>RDI<\/strong>\u00a0tr\u1edf th\u00e0nh T\u1ed5 ch\u1ee9c khoa h\u1ecdc v\u00e0 gi\u00e1o d\u1ee5c \u0111i ti\u00ean phong v\u1ec1 nghi\u00ean c\u1ee9u, t\u01b0 v\u1ea5n, \u0111\u00e0o t\u1ea1o, \u1ee9ng d\u1ee5ng khoa h\u1ecdc, chuy\u1ec3n giao c\u00f4ng ngh\u1ec7 ti\u00ean ti\u1ebfn trong khu v\u1ef1c trong 10 n\u0103m t\u1edbi.<br \/><strong>\u00a0\u00a0\u00a0\u00a01.2. S\u1ee9 m\u1ec7nh<\/strong><br \/><strong>\u00a0\u00a0\u00a0\u00a0\u00a0\u00a0\u00a0\u00a0&#8211;\u00a0<\/strong>T\u1ea1o ra gi\u00e1 tr\u1ecb ngu\u1ed3n l\u1ef1c t\u1ed5ng h\u1ee3p g\u00f3p ph\u1ea7n ph\u00e1t tri\u1ec3n kinh t\u1ebf, x\u00e3 h\u1ed9i th\u00f4ng qua c\u00e1c ho\u1ea1t \u0111\u1ed9ng nghi\u00ean c\u1ee9u, t\u01b0 v\u1ea5n, \u0111\u00e0o t\u1ea1o, \u1ee9ng d\u1ee5ng v\u00e0 chuy\u1ec3n giao c\u00f4ng ngh\u1ec7 ti\u00ean ti\u1ebfn;<br \/><strong>\u00a0\u00a0\u00a0\u00a0\u00a0\u00a0\u00a0\u00a0&#8211;\u00a0<\/strong>T\u1ea1o ra c\u01a1 h\u1ed9i cho m\u1ecdi ng\u01b0\u1eddi \u0111\u01b0\u1ee3c h\u1ecdc t\u1eadp su\u1ed1t \u0111\u1eddi v\u00e0 h\u1ecdc t\u1eadp theo nhu c\u1ea7u.<br \/><strong>\u00a0\u00a0\u00a0\u00a01.3. Gi\u00e1 tr\u1ecb c\u1ed1t l\u00f5i<\/strong><br \/><strong>\u00a0\u00a0\u00a0\u00a0\u00a0\u00a0\u00a0\u00a0&#8211; N\u0103ng l\u1ef1c c\u1ed1t l\u00f5i<\/strong><br \/>\u00a0\u00a0\u00a0\u00a0\u00a0\u00a0\u00a0\u00a0\u00a0\u00a0\u00a0+ Tr\u00ed tu\u1ec7: s\u00e1ng t\u1ea1o, khoa h\u1ecdc;<br \/>\u00a0\u00a0\u00a0\u00a0\u00a0\u00a0\u00a0\u00a0\u00a0\u00a0\u00a0+ Chuy\u00ean nghi\u1ec7p: th\u00e0nh th\u1ea1o, n\u0103ng \u0111\u1ed9ng;<br \/>\u00a0\u00a0\u00a0\u00a0\u00a0\u00a0\u00a0\u00a0\u00a0\u00a0\u00a0+ Uy t\u00edn: tr\u00e1ch nhi\u1ec7m, tin c\u1eady.<br \/><strong>\u00a0\u00a0\u00a0\u00a0\u00a0\u00a0\u00a0\u00a0&#8211; Gi\u00e1 tr\u1ecb x\u00e3 h\u1ed9i v\u00e0 kh\u00e1ch h\u00e0ng<\/strong><br \/>\u00a0\u00a0\u00a0\u00a0\u00a0\u00a0\u00a0\u00a0\u00a0\u00a0\u00a0+ Ph\u01b0\u01a1ng ch\u00e2m ho\u1ea1t \u0111\u1ed9ng: K\u1ebft n\u1ed1i v\u00e0 chia s\u1ebb;<br \/>\u00a0\u00a0\u00a0\u00a0\u00a0\u00a0\u00a0\u00a0\u00a0\u00a0\u00a0+ M\u1ed1i quan h\u1ec7: th\u00e2n thi\u1ec7n, \u0111\u1ed3ng h\u00e0nh, b\u1ec1n v\u1eefng;<br \/>\u00a0\u00a0\u00a0\u00a0\u00a0\u00a0\u00a0\u00a0\u00a0\u00a0\u00a0+ S\u1ea3n ph\u1ea9m &#8211; D\u1ecbch v\u1ee5: ch\u1ea5t l\u01b0\u1ee3ng, ph\u00f9 h\u1ee3p.<br \/><strong>2. Ch\u1ee9c n\u0103ng nhi\u1ec7m v\u1ee5<\/strong><br \/><strong>\u00a0\u00a0\u00a0\u00a0\u00a0 RDI<\/strong>\u00a0\u0111\u01b0\u1ee3c giao nhi\u1ec7m v\u1ee5 ph\u1ed1i h\u1ee3p t\u1ed5 ch\u1ee9c \u0111\u00e0o t\u1ea1o c\u00e1c l\u1edbp h\u1ecdc theo h\u00ecnh th\u1ee9c Li\u00ean th\u00f4ng, V\u1eeba l\u00e0m v\u1eeba h\u1ecdc, T\u1eeb xa qua m\u1ea1ng.<br \/>C\u00e1c ng\u00e0nh RDI \u0111\u01b0\u1ee3c ph\u00e9p \u0111\u00e0o t\u1ea1o:<br \/>\u00a0\u00a0\u00a0\u00a0\u00a0\u00a0\u00a0\u00a0+ H\u1ec7 \u0111\u1ea1i h\u1ecdc: Lu\u1eadt, Kinh t\u1ebf, K\u1ebf to\u00e1n, N\u00f4ng nghi\u1ec7p, Qu\u1ea3n tr\u1ecb kinh doanh, Qu\u1ea3n tr\u1ecb v\u0103n ph\u00f2ng, T\u00e0i ch\u00ednh ng\u00e2n h\u00e0ng, Ng\u00f4n ng\u1eef Anh, Gi\u00e1o d\u1ee5c M\u1ea7m non, C\u00f4ng ngh\u1ec7 th\u00f4ng tin, S\u01b0 ph\u1ea1m ng\u1eef v\u0103n, V\u0103n h\u00f3a c\u00e1c d\u00e2n t\u1ed9c thi\u1ec3u s\u1ed1 Vi\u1ec7t Nam,&#8230;<br \/>\u00a0\u00a0\u00a0\u00a0\u00a0\u00a0\u00a0\u00a0+ Li\u00ean th\u00f4ng t\u1eeb trung c\u1ea5p, cao \u0111\u1eb3ng l\u00ean \u0111\u1ea1i h\u1ecdc: Lu\u1eadt, Kinh t\u1ebf, K\u1ebf to\u00e1n, N\u00f4ng nghi\u1ec7p, C\u00f4ng ngh\u1ec7 th\u00f4ng tin, Gi\u00e1o d\u1ee5c m\u1ea7m non, Qu\u1ea3n tr\u1ecb v\u0103n ph\u00f2ng,&#8230;<br \/>Song song v\u1edbi vi\u1ec7c tri\u1ec3n khai c\u00e1c ch\u01b0\u01a1ng tr\u00ecnh \u0111\u00e0o t\u1ea1o d\u00e0i h\u1ea1n, RDI c\u00f2n tham gia ho\u1ea1t \u0111\u1ed9ng trong c\u00e1c l\u0129nh v\u1ef1c kh\u00e1c nh\u1eb1m mang \u0111\u1ebfn c\u01a1 h\u1ed9i h\u1ecdc t\u1eadp ch\u1ea5t l\u01b0\u1ee3ng cho c\u1ed9ng \u0111\u1ed3ng<br \/>\u00a0\u00a0\u00a0\u00a0\u00a0\u00a0\u00a0\u00a0+ Ph\u1ed1i h\u1ee3p, t\u1ed5 ch\u1ee9c nghi\u00ean c\u1ee9u, s\u1ea3n xu\u1ea5t d\u1ecbch v\u1ee5 v\u00e0 \u1ee9ng d\u1ee5ng, chuy\u1ec3n giao c\u00e1c th\u00e0nh t\u1ef1u khoa h\u1ecdc v\u00e0 c\u00f4ng ngh\u1ec7 tr\u00ean c\u00e1c l\u0129nh v\u1ef1c v\u00e0o cu\u1ed9c s\u1ed1ng.<br \/>\u00a0\u00a0\u00a0\u00a0\u00a0\u00a0\u00a0\u00a0+ Ph\u1ed1i h\u1ee3p, t\u1ed5 ch\u1ee9c \u0111\u00e0o t\u1ea1o, b\u1ed3i d\u01b0\u1ee1ng c\u00e1c nghi\u1ec7p v\u1ee5 ng\u1eafn h\u1ea1n tr\u00ean c\u00e1c l\u0129nh v\u1ef1c nh\u1eb1m \u0111\u00e1p \u1ee9ng nhu c\u1ea7u c\u1ee7a x\u00e3 h\u1ed9i.<br \/>Vi\u1ec7n Ph\u00e1t tri\u1ec3n ngu\u1ed3n l\u1ef1c \u2013 Tr\u01b0\u1eddng \u0110\u1ea1i h\u1ecdc Tr\u00e0 Vinh xin ch\u00e2n th\u00e0nh c\u1ea3m \u01a1n qu\u00fd c\u01a1 quan, \u0111\u01a1n v\u1ecb \u0111\u00e3 h\u1ee3p t\u00e1c, h\u1ed7 tr\u1ee3 trong th\u1eddi gian qua, trong th\u1eddi gian t\u1edbi hi v\u1ecdng ti\u1ebfp t\u1ee5c \u0111\u01b0\u1ee3c s\u1ef1 h\u1ee3p t\u00e1c, quan t\u00e2m c\u1ee7a qu\u00fd c\u01a1 quan \u0111\u01a1n v\u1ecb \u0111\u1ec3 ch\u00fang t\u00f4i ng\u00e0y c\u00e0ng n\u00e2ng cao ch\u1ea5t l\u01b0\u1ee3ng ph\u1ee5c v\u1ee5, d\u1ecbch v\u1ee5, c\u1eadp nh\u1eadt c\u00f4ng ngh\u1ec7 ti\u00ean ti\u1ebfn nh\u1eb1m ph\u1ee5c v\u1ee5 t\u1ed1t nh\u1ea5t nhu c\u1ea7u c\u1ee7a x\u00e3 h\u1ed9i v\u1edbi ph\u01b0\u01a1ng ch\u00e2m \u201c<em>K\u1ebft n\u1ed1i v\u00e0 chia s\u1ebb<\/em>\u201d.<\/p>\n<!-- \/wp:image -->\t\t\t\t\t<\/div>\n\t\t\t\t\t\t<\/div>\n\t\t\t\t<\/div>\n\t\t\t\t\t\t<\/div>\n\t\t\t\t\t<\/div>\n\t\t<\/div>\n\t\t\t\t\t\t\t\t<\/div>\n\t\t\t\t\t<\/div>\n\t\t<\/section>\n\t\t\t\t<section class=\"elementor-section elementor-top-section elementor-element elementor-element-885abf9 elementor-section-boxed elementor-section-height-default elementor-section-height-default\" data-id=\"885abf9\" data-element_type=\"section\">\n\t\t\t\t\t\t<div class=\"elementor-container elementor-column-gap-default\">\n\t\t\t\t\t\t\t<div class=\"elementor-row\">\n\t\t\t\t\t<div class=\"elementor-column elementor-col-100 elementor-top-column elementor-element elementor-element-ad06850\" data-id=\"ad06850\" data-element_type=\"column\">\n\t\t\t<div class=\"elementor-column-wrap\">\n\t\t\t\t\t\t\t<div class=\"elementor-widget-wrap\">\n\t\t\t\t\t\t\t\t<\/div>\n\t\t\t\t\t<\/div>\n\t\t<\/div>\n\t\t\t\t\t\t\t\t<\/div>\n\t\t\t\t\t<\/div>\n\t\t<\/section>\n\t\t\t\t\t\t<\/div>\n\t\t\t\t\t\t<\/div>\n\t\t\t\t\t<\/div>\n\t\t","protected":false},"excerpt":{"rendered":"<p>&nbsp; Vi\u1ec7n Ph\u00e1t tri\u1ec3n ngu\u1ed3n l\u1ef1c &#8211; Resource Development Institute (RDI)&nbsp;l\u00e0 \u0111\u01a1n v\u1ecb tr\u1ef1c thu\u1ed9c Tr\u01b0\u1eddng \u0110\u1ea1i h\u1ecdc Tr\u00e0 Vinh, \u0111\u01b0\u1ee3c th\u00e0nh l\u1eadp theo Quy\u1ebft \u0111\u1ecbnh s\u1ed1 1143\/Q\u0110-\u0110HTV ng\u00e0y 20\/10\/2010 [&hellip;]<\/p>\n","protected":false},"author":1,"featured_media":0,"parent":0,"menu_order":0,"comment_status":"closed","ping_status":"closed","template":"","meta":[],"_links":{"self":[{"href":"https:\/\/rdi.edu.vn\/index.php\/wp-json\/wp\/v2\/pages\/12840"}],"collection":[{"href":"https:\/\/rdi.edu.vn\/index.php\/wp-json\/wp\/v2\/pages"}],"about":[{"href":"https:\/\/rdi.edu.vn\/index.php\/wp-json\/wp\/v2\/types\/page"}],"author":[{"embeddable":true,"href":"https:\/\/rdi.edu.vn\/index.php\/wp-json\/wp\/v2\/users\/1"}],"replies":[{"embeddable":true,"href":"https:\/\/rdi.edu.vn\/index.php\/wp-json\/wp\/v2\/comments?post=12840"}],"version-history":[{"count":0,"href":"https:\/\/rdi.edu.vn\/index.php\/wp-json\/wp\/v2\/pages\/12840\/revisions"}],"wp:attachment":[{"href":"https:\/\/rdi.edu.vn\/index.php\/wp-json\/wp\/v2\/media?parent=12840"}],"curies":[{"name":"wp","href":"https:\/\/api.w.org\/{rel}","templated":true}]}}