{"id":12405,"date":"2020-06-10T15:44:38","date_gmt":"2020-06-10T08:44:38","guid":{"rendered":"https:\/\/qldt.rdi.edu.vn\/rdiwp\/?page_id=12405"},"modified":"2025-05-16T13:22:28","modified_gmt":"2025-05-16T06:22:28","slug":"thong-bao-tuyen-sinh","status":"publish","type":"page","link":"https:\/\/rdi.edu.vn\/index.php\/thong-bao-tuyen-sinh\/","title":{"rendered":"Th\u00f4ng b\u00e1o tuy\u1ec3n sinh"},"content":{"rendered":"\t\t<div data-elementor-type=\"wp-page\" data-elementor-id=\"12405\" class=\"elementor elementor-12405\" data-elementor-settings=\"[]\">\n\t\t\t\t\t\t<div class=\"elementor-inner\">\n\t\t\t\t\t\t\t<div class=\"elementor-section-wrap\">\n\t\t\t\t\t\t\t<section class=\"elementor-section elementor-top-section elementor-element elementor-element-0a5f146 elementor-section-full_width elementor-section-height-default elementor-section-height-default\" data-id=\"0a5f146\" data-element_type=\"section\">\n\t\t\t\t\t\t<div class=\"elementor-container elementor-column-gap-default\">\n\t\t\t\t\t\t\t<div class=\"elementor-row\">\n\t\t\t\t\t<div class=\"elementor-column elementor-col-50 elementor-top-column elementor-element elementor-element-dfa93fe\" data-id=\"dfa93fe\" data-element_type=\"column\">\n\t\t\t<div class=\"elementor-column-wrap elementor-element-populated\">\n\t\t\t\t\t\t\t<div class=\"elementor-widget-wrap\">\n\t\t\t\t\t\t<div class=\"elementor-element elementor-element-ba7afb0 elementor-widget elementor-widget-html\" data-id=\"ba7afb0\" data-element_type=\"widget\" data-widget_type=\"html.default\">\n\t\t\t\t<div class=\"elementor-widget-container\">\n\t\t\t<iframe id=\"iframehuongdan\" style=\"max-width:100%; width: 100%; min-height: 495px; height:100%;border:0px;\" src=\"https:\/\/rdi.edu.vn\/popup-tuyen-sinh\/\"><\/iframe>\t\t<\/div>\n\t\t\t\t<\/div>\n\t\t\t\t\t\t<\/div>\n\t\t\t\t\t<\/div>\n\t\t<\/div>\n\t\t\t\t<div class=\"elementor-column elementor-col-50 elementor-top-column elementor-element elementor-element-8561047\" data-id=\"8561047\" data-element_type=\"column\">\n\t\t\t<div class=\"elementor-column-wrap elementor-element-populated\">\n\t\t\t\t\t\t\t<div class=\"elementor-widget-wrap\">\n\t\t\t\t\t\t<div class=\"elementor-element elementor-element-9b3584a elementor-skin-carousel elementor-widget elementor-widget-media-carousel\" data-id=\"9b3584a\" data-element_type=\"widget\" data-settings=\"{&quot;slides_per_view&quot;:&quot;1&quot;,&quot;skin&quot;:&quot;carousel&quot;,&quot;effect&quot;:&quot;slide&quot;,&quot;speed&quot;:500,&quot;autoplay&quot;:&quot;yes&quot;,&quot;autoplay_speed&quot;:5000,&quot;loop&quot;:&quot;yes&quot;,&quot;pause_on_hover&quot;:&quot;yes&quot;,&quot;pause_on_interaction&quot;:&quot;yes&quot;,&quot;space_between&quot;:{&quot;unit&quot;:&quot;px&quot;,&quot;size&quot;:10,&quot;sizes&quot;:[]},&quot;space_between_tablet&quot;:{&quot;unit&quot;:&quot;px&quot;,&quot;size&quot;:10,&quot;sizes&quot;:[]},&quot;space_between_mobile&quot;:{&quot;unit&quot;:&quot;px&quot;,&quot;size&quot;:10,&quot;sizes&quot;:[]}}\" data-widget_type=\"media-carousel.default\">\n\t\t\t\t<div class=\"elementor-widget-container\">\n\t\t\t\t\t<div class=\"elementor-swiper\">\n\t\t\t<div class=\"elementor-main-swiper swiper-container\">\n\t\t\t\t<div class=\"swiper-wrapper\">\n\t\t\t\t\t\t\t\t\t\t\t<div class=\"swiper-slide\">\n\t\t\t\t\t\t\t<a href=\"https:\/\/rdi.edu.vn\/wp-content\/uploads\/2022\/01\/tu-xa-scaled.jpg\" data-elementor-open-lightbox=\"yes\" data-elementor-lightbox-slideshow=\"9b3584a\" data-elementor-lightbox-title=\"tu xa\">\t\t<div class=\"elementor-carousel-image lazyload\" style=\"background-image: url(https:\/\/rdi.edu.vn\/wp-includes\/images\/blank.gif)\" data-background-image=\"https:\/\/rdi.edu.vn\/wp-content\/uploads\/2022\/01\/tu-xa-scaled.jpg\">\n\t\t\t\t\t<\/div>\n\t\t<\/a>\t\t\t\t\t\t<\/div>\n\t\t\t\t\t\t\t\t\t\t\t<div class=\"swiper-slide\">\n\t\t\t\t\t\t\t<a href=\"https:\/\/rdi.edu.vn\/wp-content\/uploads\/2022\/01\/VLVL-2022-scaled.jpg\" data-elementor-open-lightbox=\"yes\" data-elementor-lightbox-slideshow=\"9b3584a\" data-elementor-lightbox-title=\"VLVL-2022\">\t\t<div class=\"elementor-carousel-image lazyload\" style=\"background-image: url(https:\/\/rdi.edu.vn\/wp-includes\/images\/blank.gif)\" data-background-image=\"https:\/\/rdi.edu.vn\/wp-content\/uploads\/2022\/01\/VLVL-2022-scaled.jpg\">\n\t\t\t\t\t<\/div>\n\t\t<\/a>\t\t\t\t\t\t<\/div>\n\t\t\t\t\t\t\t\t\t\t\t<div class=\"swiper-slide\">\n\t\t\t\t\t\t\t<a href=\"https:\/\/rdi.edu.vn\/wp-content\/uploads\/2022\/01\/sdh-scaled.jpg\" data-elementor-open-lightbox=\"yes\" data-elementor-lightbox-slideshow=\"9b3584a\" data-elementor-lightbox-title=\"sdh\">\t\t<div class=\"elementor-carousel-image lazyload\" style=\"background-image: url(https:\/\/rdi.edu.vn\/wp-includes\/images\/blank.gif)\" data-background-image=\"https:\/\/rdi.edu.vn\/wp-content\/uploads\/2022\/01\/sdh-scaled.jpg\">\n\t\t\t\t\t<\/div>\n\t\t<\/a>\t\t\t\t\t\t<\/div>\n\t\t\t\t\t\t\t\t\t\t\t<div class=\"swiper-slide\">\n\t\t\t\t\t\t\t<a href=\"https:\/\/rdi.edu.vn\/wp-content\/uploads\/2022\/03\/Web-Banner-CIED-V8-scaled.jpg\" data-elementor-open-lightbox=\"yes\" data-elementor-lightbox-slideshow=\"9b3584a\" data-elementor-lightbox-title=\"Web-Banner-CIED-V8\">\t\t<div class=\"elementor-carousel-image lazyload\" style=\"background-image: url(https:\/\/rdi.edu.vn\/wp-includes\/images\/blank.gif)\" data-background-image=\"https:\/\/rdi.edu.vn\/wp-content\/uploads\/2022\/03\/Web-Banner-CIED-V8-scaled.jpg\">\n\t\t\t\t\t<\/div>\n\t\t<\/a>\t\t\t\t\t\t<\/div>\n\t\t\t\t\t\t\t\t\t\t\t<div class=\"swiper-slide\">\n\t\t\t\t\t\t\t\t\t<div class=\"elementor-carousel-image lazyload\" style=\"background-image: url(https:\/\/rdi.edu.vn\/wp-includes\/images\/blank.gif)\" data-background-image=\"https:\/\/rdi.edu.vn\/wp-content\/uploads\/2022\/03\/DAO-TA\u0323O-BOI-DUONG-scaled.jpg\">\n\t\t\t\t\t<\/div>\n\t\t\t\t\t\t\t\t<\/div>\n\t\t\t\t\t\t\t\t\t<\/div>\n\t\t\t\t\t\t\t\t\t\t\t\t\t\t\t\t\t\t\t\t\t<\/div>\n\t\t<\/div>\n\t\t\t\t<\/div>\n\t\t\t\t<\/div>\n\t\t\t\t\t\t<\/div>\n\t\t\t\t\t<\/div>\n\t\t<\/div>\n\t\t\t\t\t\t\t\t<\/div>\n\t\t\t\t\t<\/div>\n\t\t<\/section>\n\t\t\t\t<section class=\"elementor-section elementor-top-section elementor-element elementor-element-94767f8 elementor-section-full_width elementor-section-height-default elementor-section-height-default\" data-id=\"94767f8\" data-element_type=\"section\">\n\t\t\t\t\t\t<div class=\"elementor-container elementor-column-gap-default\">\n\t\t\t\t\t\t\t<div class=\"elementor-row\">\n\t\t\t\t\t<div class=\"elementor-column elementor-col-100 elementor-top-column elementor-element elementor-element-afdb226\" data-id=\"afdb226\" data-element_type=\"column\">\n\t\t\t<div class=\"elementor-column-wrap elementor-element-populated\">\n\t\t\t\t\t\t\t<div class=\"elementor-widget-wrap\">\n\t\t\t\t\t\t<div class=\"elementor-element elementor-element-f5fb2b9 elementor-widget elementor-widget-lae-portfolio\" data-id=\"f5fb2b9\" data-element_type=\"widget\" data-settings=\"{&quot;per_line&quot;:&quot;3&quot;,&quot;per_line_tablet&quot;:&quot;2&quot;,&quot;per_line_mobile&quot;:&quot;1&quot;}\" data-widget_type=\"lae-portfolio.default\">\n\t\t\t\t<div class=\"elementor-widget-container\">\n\t\t\t<div id=\"lae-block-uid-69dac23572a36\" class=\"lae-container lae-block lae-block-grid lae-block-grid-6 lae-gapless-grid lae-block-header-expanded lae-block-header-6 grid-1 lae-block-uid-69dac23572a36\"  data-block-uid='lae-block-uid-69dac23572a36' data-action='lae_load_posts_block' data-query='{\"orderby\":\"date\",\"order\":\"DESC\",\"ignore_sticky_posts\":1,\"post_status\":\"publish\",\"posts_per_page\":6,\"offset\":0,\"post_type\":[\"notice\"],\"paged\":1}' data-settings='{\"block_class\":\"grid-1\",\"heading\":\"\",\"heading_url\":{\"url\":\"\",\"is_external\":\"true\",\"nofollow\":\"\",\"custom_attributes\":\"\"},\"taxonomy_chosen\":\"notice_category\",\"header_template\":\"block_header_6\",\"block_type\":\"block_grid_6\",\"display_title_on_thumbnail\":false,\"display_taxonomy_on_thumbnail\":false,\"display_title\":true,\"display_summary\":false,\"rich_text_excerpt\":false,\"display_excerpt_lightbox\":false,\"display_read_more\":false,\"read_more_text\":\"Xem th\\u00eam\",\"display_author\":false,\"display_post_date\":false,\"display_comments\":false,\"display_taxonomy\":false,\"display_product_quick_view\":true,\"display_product_price\":true,\"display_add_to_cart_button\":true,\"display_wish_list_button\":true,\"display_product_rating\":true,\"thumbnail_size_size\":\"large\",\"thumbnail_size_custom_dimension\":[],\"filterable\":false,\"layout_mode\":\"fitRows\",\"per_line\":3,\"per_line_tablet\":2,\"per_line_mobile\":1,\"per_line1\":2,\"per_line2\":4,\"per_line2_tablet\":2,\"per_line2_mobile\":1,\"image_linkable\":true,\"post_link_new_window\":false,\"excerpt_length\":5,\"enable_lightbox\":false,\"pagination\":\"paged\",\"show_remaining\":true,\"heading_tag\":\"h4\",\"title_tag\":\"h4\",\"entry_title_tag\":\"h4\",\"taxonomies\":[\"notice_category\"]}' data-taxonomies='[\"notice_category\"]' data-total='32' data-current='1' data-maxpages='6' data-filter-term='' data-filter-taxonomy=''><div class=\"lae-block-inner lae-grid-container  lae-grid-desktop-3 lae-grid-tablet-2 lae-grid-mobile-1\"><div class=\"lae-block-column  term-741 lae-grid-item\">\n        <article\n                class=\"lae-module-13 lae-module post-22344 notice type-notice status-publish has-post-thumbnail hentry notice_category-boi-duong-nghiep-vu\">\n\n            \n                <div class=\"lae-module-image\">\n\n                    <a class=\"lae-post-link\" href=\"https:\/\/rdi.edu.vn\/index.php\/notice\/04-2026-tuyen-sinh-lop-cdnn-giang-vien-dai-hoc\/\"><img width=\"640\" height=\"537\" src=\"data:image\/gif;base64,R0lGODlhAQABAAAAACH5BAEKAAEALAAAAAABAAEAAAICTAEAOw==\" class=\"lae-image skip-lazy no-lazyload exclude-me a3-notlazy attachment-large size-large lazyload\" alt=\"TUY\u1ec2N SINH RDI &#8211; TVU\" loading=\"lazy\" title=\"TUY\u1ec2N SINH RDI - TVU\" data-no-lazy=\"1\" sizes=\"(max-width: 640px) 100vw, 640px\" data-src=\"https:\/\/rdi.edu.vn\/wp-content\/uploads\/2026\/04\/TUYEN-SINH-RDI-TVU.png\" data-srcset=\"https:\/\/rdi.edu.vn\/wp-content\/uploads\/2026\/04\/TUYEN-SINH-RDI-TVU.png 940w, https:\/\/rdi.edu.vn\/wp-content\/uploads\/2026\/04\/TUYEN-SINH-RDI-TVU-300x251.png 300w, https:\/\/rdi.edu.vn\/wp-content\/uploads\/2026\/04\/TUYEN-SINH-RDI-TVU-768x644.png 768w\"><\/a>\n                    \n                    <div class=\"lae-module-image-info\">\n\n                        <div class=\"lae-module-entry-info\">\n\n                            \n                            \n                        <\/div>\n\n                    <\/div>\n\n                <\/div>\n\n            \n            <div class=\"lae-module-entry-text\">\n\n                <h4 class=\"entry-title\"><a href=\"https:\/\/rdi.edu.vn\/index.php\/notice\/04-2026-tuyen-sinh-lop-cdnn-giang-vien-dai-hoc\/\" title=\"04.2026 &#8211; TUY\u1ec2N SINH L\u1edaP CDNN GI\u1ea2NG VI\u00caN \u0110\u1ea0I H\u1eccC\" rel=\"bookmark\">04.2026 &#8211; TUY\u1ec2N SINH L\u1edaP CDNN GI\u1ea2NG VI\u00caN \u0110\u1ea0I H\u1eccC<\/a><\/h4>\n                <div class=\"lae-module-meta\">\n                                                                                                <\/div>\n\n                <div class=\"lae-excerpt\">\n                                    <\/div>\n\n                \n            <\/div>\n\n        <\/article><!-- .hentry -->\n\n        <\/div><div class=\"lae-block-column  term-741 lae-grid-item\">\n        <article\n                class=\"lae-module-13 lae-module post-22340 notice type-notice status-publish has-post-thumbnail hentry notice_category-boi-duong-nghiep-vu\">\n\n            \n                <div class=\"lae-module-image\">\n\n                    <a class=\"lae-post-link\" href=\"https:\/\/rdi.edu.vn\/index.php\/notice\/tuyen-sinh-cap-nhat-kien-thuc-y-khoa-lien-tuc-cho-can-bo-y-te-2026\/\"><img width=\"640\" height=\"539\" src=\"data:image\/gif;base64,R0lGODlhAQABAAAAACH5BAEKAAEALAAAAAABAAEAAAICTAEAOw==\" class=\"lae-image skip-lazy no-lazyload exclude-me a3-notlazy attachment-large size-large lazyload\" alt=\"CAP NHAT KIEN THUC Y KHOA LIEN TUC CHO CAN BO Y TE\" loading=\"lazy\" title=\"CAP NHAT KIEN THUC Y KHOA LIEN TUC CHO CAN BO Y TE\" data-no-lazy=\"1\" sizes=\"(max-width: 640px) 100vw, 640px\" data-src=\"https:\/\/rdi.edu.vn\/wp-content\/uploads\/2026\/04\/CAP-NHAT-KIEN-THUC-Y-KHOA-LIEN-TUC-CHO-CAN-BO-Y-TE-1024x863.jpg\" data-srcset=\"https:\/\/rdi.edu.vn\/wp-content\/uploads\/2026\/04\/CAP-NHAT-KIEN-THUC-Y-KHOA-LIEN-TUC-CHO-CAN-BO-Y-TE-1024x863.jpg 1024w, https:\/\/rdi.edu.vn\/wp-content\/uploads\/2026\/04\/CAP-NHAT-KIEN-THUC-Y-KHOA-LIEN-TUC-CHO-CAN-BO-Y-TE-300x253.jpg 300w, https:\/\/rdi.edu.vn\/wp-content\/uploads\/2026\/04\/CAP-NHAT-KIEN-THUC-Y-KHOA-LIEN-TUC-CHO-CAN-BO-Y-TE-768x647.jpg 768w, https:\/\/rdi.edu.vn\/wp-content\/uploads\/2026\/04\/CAP-NHAT-KIEN-THUC-Y-KHOA-LIEN-TUC-CHO-CAN-BO-Y-TE.jpg 1125w\"><\/a>\n                    \n                    <div class=\"lae-module-image-info\">\n\n                        <div class=\"lae-module-entry-info\">\n\n                            \n                            \n                        <\/div>\n\n                    <\/div>\n\n                <\/div>\n\n            \n            <div class=\"lae-module-entry-text\">\n\n                <h4 class=\"entry-title\"><a href=\"https:\/\/rdi.edu.vn\/index.php\/notice\/tuyen-sinh-cap-nhat-kien-thuc-y-khoa-lien-tuc-cho-can-bo-y-te-2026\/\" title=\"TUY\u1ec2N SINH C\u1eacP NH\u1eacT KI\u1ebeN TH\u1ee8C Y KHOA LI\u00caN T\u1ee4C CHO C\u00c1N B\u1ed8 Y T\u1ebe 2026\" rel=\"bookmark\">TUY\u1ec2N SINH C\u1eacP NH\u1eacT KI\u1ebeN TH\u1ee8C Y KHOA LI\u00caN T\u1ee4C CHO C\u00c1N B\u1ed8 Y T\u1ebe 2026<\/a><\/h4>\n                <div class=\"lae-module-meta\">\n                                                                                                <\/div>\n\n                <div class=\"lae-excerpt\">\n                                    <\/div>\n\n                \n            <\/div>\n\n        <\/article><!-- .hentry -->\n\n        <\/div><div class=\"lae-block-column  term-741 lae-grid-item\">\n        <article\n                class=\"lae-module-13 lae-module post-22249 notice type-notice status-publish has-post-thumbnail hentry notice_category-boi-duong-nghiep-vu\">\n\n            \n                <div class=\"lae-module-image\">\n\n                    <a class=\"lae-post-link\" href=\"https:\/\/rdi.edu.vn\/index.php\/notice\/cham-soc-sk-toan-dien-va-quan-ly-benh-man-tinh\/\"><img width=\"640\" height=\"537\" src=\"data:image\/gif;base64,R0lGODlhAQABAAAAACH5BAEKAAEALAAAAAABAAEAAAICTAEAOw==\" class=\"lae-image skip-lazy no-lazyload exclude-me a3-notlazy attachment-large size-large lazyload\" alt=\"CHAM SOC SK TOAN TIEN VA QL BENH MAN TINH\" loading=\"lazy\" title=\"CHAM SOC SK TOAN TIEN VA QL BENH MAN TINH\" data-no-lazy=\"1\" sizes=\"(max-width: 640px) 100vw, 640px\" data-src=\"https:\/\/rdi.edu.vn\/wp-content\/uploads\/2026\/02\/CHAM-SOC-SK-TOAN-TIEN-VA-QL-BENH-MAN-TINH.jpg\" data-srcset=\"https:\/\/rdi.edu.vn\/wp-content\/uploads\/2026\/02\/CHAM-SOC-SK-TOAN-TIEN-VA-QL-BENH-MAN-TINH.jpg 940w, https:\/\/rdi.edu.vn\/wp-content\/uploads\/2026\/02\/CHAM-SOC-SK-TOAN-TIEN-VA-QL-BENH-MAN-TINH-300x251.jpg 300w, https:\/\/rdi.edu.vn\/wp-content\/uploads\/2026\/02\/CHAM-SOC-SK-TOAN-TIEN-VA-QL-BENH-MAN-TINH-768x644.jpg 768w\"><\/a>\n                    \n                    <div class=\"lae-module-image-info\">\n\n                        <div class=\"lae-module-entry-info\">\n\n                            \n                            \n                        <\/div>\n\n                    <\/div>\n\n                <\/div>\n\n            \n            <div class=\"lae-module-entry-text\">\n\n                <h4 class=\"entry-title\"><a href=\"https:\/\/rdi.edu.vn\/index.php\/notice\/cham-soc-sk-toan-dien-va-quan-ly-benh-man-tinh\/\" title=\"CH\u0102M S\u00d3C SK TO\u00c0N DI\u1ec6N V\u00c0 QU\u1ea2N L\u00dd B\u1ec6NH M\u1ea0N T\u00cdNH\" rel=\"bookmark\">CH\u0102M S\u00d3C SK TO\u00c0N DI\u1ec6N V\u00c0 QU\u1ea2N L\u00dd B\u1ec6NH M\u1ea0N T\u00cdNH<\/a><\/h4>\n                <div class=\"lae-module-meta\">\n                                                                                                <\/div>\n\n                <div class=\"lae-excerpt\">\n                                    <\/div>\n\n                \n            <\/div>\n\n        <\/article><!-- .hentry -->\n\n        <\/div><div class=\"lae-block-column  term-741 lae-grid-item\">\n        <article\n                class=\"lae-module-13 lae-module post-22245 notice type-notice status-publish has-post-thumbnail hentry notice_category-boi-duong-nghiep-vu\">\n\n            \n                <div class=\"lae-module-image\">\n\n                    <a class=\"lae-post-link\" href=\"https:\/\/rdi.edu.vn\/index.php\/notice\/cham-soc-ba-me-tai-nha-co-ban\/\"><img width=\"640\" height=\"537\" src=\"data:image\/gif;base64,R0lGODlhAQABAAAAACH5BAEKAAEALAAAAAABAAEAAAICTAEAOw==\" class=\"lae-image skip-lazy no-lazyload exclude-me a3-notlazy attachment-large size-large lazyload\" alt=\"CHAM SOC BA ME TAI NHA CO BAN\" loading=\"lazy\" title=\"CHAM SOC BA ME TAI NHA CO BAN\" data-no-lazy=\"1\" sizes=\"(max-width: 640px) 100vw, 640px\" data-src=\"https:\/\/rdi.edu.vn\/wp-content\/uploads\/2026\/02\/CHAM-SOC-BA-ME-TAI-NHA-CO-BAN.jpg\" data-srcset=\"https:\/\/rdi.edu.vn\/wp-content\/uploads\/2026\/02\/CHAM-SOC-BA-ME-TAI-NHA-CO-BAN.jpg 940w, https:\/\/rdi.edu.vn\/wp-content\/uploads\/2026\/02\/CHAM-SOC-BA-ME-TAI-NHA-CO-BAN-300x251.jpg 300w, https:\/\/rdi.edu.vn\/wp-content\/uploads\/2026\/02\/CHAM-SOC-BA-ME-TAI-NHA-CO-BAN-768x644.jpg 768w\"><\/a>\n                    \n                    <div class=\"lae-module-image-info\">\n\n                        <div class=\"lae-module-entry-info\">\n\n                            \n                            \n                        <\/div>\n\n                    <\/div>\n\n                <\/div>\n\n            \n            <div class=\"lae-module-entry-text\">\n\n                <h4 class=\"entry-title\"><a href=\"https:\/\/rdi.edu.vn\/index.php\/notice\/cham-soc-ba-me-tai-nha-co-ban\/\" title=\"CH\u0102M S\u00d3C B\u00c0 M\u1eb8 T\u1ea0I NH\u00c0 C\u01a0 B\u1ea2N\" rel=\"bookmark\">CH\u0102M S\u00d3C B\u00c0 M\u1eb8 T\u1ea0I NH\u00c0 C\u01a0 B\u1ea2N<\/a><\/h4>\n                <div class=\"lae-module-meta\">\n                                                                                                <\/div>\n\n                <div class=\"lae-excerpt\">\n                                    <\/div>\n\n                \n            <\/div>\n\n        <\/article><!-- .hentry -->\n\n        <\/div><div class=\"lae-block-column  term-741 lae-grid-item\">\n        <article\n                class=\"lae-module-13 lae-module post-22240 notice type-notice status-publish has-post-thumbnail hentry notice_category-boi-duong-nghiep-vu\">\n\n            \n                <div class=\"lae-module-image\">\n\n                    <a class=\"lae-post-link\" href=\"https:\/\/rdi.edu.vn\/index.php\/notice\/22240\/\"><img width=\"640\" height=\"537\" src=\"data:image\/gif;base64,R0lGODlhAQABAAAAACH5BAEKAAEALAAAAAABAAEAAAICTAEAOw==\" class=\"lae-image skip-lazy no-lazyload exclude-me a3-notlazy attachment-large size-large lazyload\" alt=\"DIEU DUONG CHUYEN NGANH GAY ME HOI SUC\" loading=\"lazy\" title=\"DIEU DUONG CHUYEN NGANH GAY ME HOI SUC\" data-no-lazy=\"1\" sizes=\"(max-width: 640px) 100vw, 640px\" data-src=\"https:\/\/rdi.edu.vn\/wp-content\/uploads\/2026\/02\/DIEU-DUONG-CHUYEN-NGANH-GAY-ME-HOI-SUC-2.jpg\" data-srcset=\"https:\/\/rdi.edu.vn\/wp-content\/uploads\/2026\/02\/DIEU-DUONG-CHUYEN-NGANH-GAY-ME-HOI-SUC-2.jpg 940w, https:\/\/rdi.edu.vn\/wp-content\/uploads\/2026\/02\/DIEU-DUONG-CHUYEN-NGANH-GAY-ME-HOI-SUC-2-300x251.jpg 300w, https:\/\/rdi.edu.vn\/wp-content\/uploads\/2026\/02\/DIEU-DUONG-CHUYEN-NGANH-GAY-ME-HOI-SUC-2-768x644.jpg 768w\"><\/a>\n                    \n                    <div class=\"lae-module-image-info\">\n\n                        <div class=\"lae-module-entry-info\">\n\n                            \n                            \n                        <\/div>\n\n                    <\/div>\n\n                <\/div>\n\n            \n            <div class=\"lae-module-entry-text\">\n\n                <h4 class=\"entry-title\"><a href=\"https:\/\/rdi.edu.vn\/index.php\/notice\/22240\/\" title=\"\" rel=\"bookmark\"><\/a><\/h4>\n                <div class=\"lae-module-meta\">\n                                                                                                <\/div>\n\n                <div class=\"lae-excerpt\">\n                                    <\/div>\n\n                \n            <\/div>\n\n        <\/article><!-- .hentry -->\n\n        <\/div><div class=\"lae-block-column  term-741 lae-grid-item\">\n        <article\n                class=\"lae-module-13 lae-module post-21905 notice type-notice status-publish has-post-thumbnail hentry notice_category-boi-duong-nghiep-vu\">\n\n            \n                <div class=\"lae-module-image\">\n\n                    <a class=\"lae-post-link\" href=\"https:\/\/rdi.edu.vn\/index.php\/notice\/tuyen-sinh-ai-cho-giang-vien-giang-day-nghien-cuu-khoa-hoc\/\"><img width=\"640\" height=\"536\" src=\"data:image\/gif;base64,R0lGODlhAQABAAAAACH5BAEKAAEALAAAAAABAAEAAAICTAEAOw==\" class=\"lae-image skip-lazy no-lazyload exclude-me a3-notlazy attachment-large size-large lazyload\" alt=\"AI CHO GIANG VIEN\" loading=\"lazy\" title=\"AI CHO GIANG VIEN\" data-no-lazy=\"1\" sizes=\"(max-width: 640px) 100vw, 640px\" data-src=\"https:\/\/rdi.edu.vn\/wp-content\/uploads\/2025\/08\/AI-CHO-GIANG-VIEN-1024x858.jpg\" data-srcset=\"https:\/\/rdi.edu.vn\/wp-content\/uploads\/2025\/08\/AI-CHO-GIANG-VIEN-1024x858.jpg 1024w, https:\/\/rdi.edu.vn\/wp-content\/uploads\/2025\/08\/AI-CHO-GIANG-VIEN-300x251.jpg 300w, https:\/\/rdi.edu.vn\/wp-content\/uploads\/2025\/08\/AI-CHO-GIANG-VIEN-768x644.jpg 768w, https:\/\/rdi.edu.vn\/wp-content\/uploads\/2025\/08\/AI-CHO-GIANG-VIEN-1536x1288.jpg 1536w, https:\/\/rdi.edu.vn\/wp-content\/uploads\/2025\/08\/AI-CHO-GIANG-VIEN-2048x1717.jpg 2048w\"><\/a>\n                    \n                    <div class=\"lae-module-image-info\">\n\n                        <div class=\"lae-module-entry-info\">\n\n                            \n                            \n                        <\/div>\n\n                    <\/div>\n\n                <\/div>\n\n            \n            <div class=\"lae-module-entry-text\">\n\n                <h4 class=\"entry-title\"><a href=\"https:\/\/rdi.edu.vn\/index.php\/notice\/tuyen-sinh-ai-cho-giang-vien-giang-day-nghien-cuu-khoa-hoc\/\" title=\"TUY\u1ec2N SINH &#8220;AI CHO GI\u1ea2NG VI\u00caN GI\u1ea2NG D\u1ea0Y &#038; NGHI\u00caN C\u1ee8U KHOA H\u1eccC&#8221;\" rel=\"bookmark\">TUY\u1ec2N SINH &#8220;AI CHO GI\u1ea2NG VI\u00caN GI\u1ea2NG D\u1ea0Y &#038; NGHI\u00caN C\u1ee8U KHOA H\u1eccC&#8221;<\/a><\/h4>\n                <div class=\"lae-module-meta\">\n                                                                                                <\/div>\n\n                <div class=\"lae-excerpt\">\n                                    <\/div>\n\n                \n            <\/div>\n\n        <\/article><!-- .hentry -->\n\n        <\/div><\/div><!-- .block-inner --><div class=\"lae-pagination lae-paged-nav\"><a class=\"lae-page-nav lae-disabled\" href=\"#\" data-page=\"prev\"><i class=\"lae-icon-arrow-left3\"><\/i><\/a>\n<a class=\"lae-page-nav lae-numbered lae-current-page\" href=\"#\" data-page=\"1\">1<\/a>\n<a class=\"lae-page-nav lae-numbered\" href=\"#\" data-page=\"2\">2<\/a>\n<a class=\"lae-page-nav lae-numbered\" href=\"#\" data-page=\"3\">3<\/a>\n<a class=\"lae-page-nav lae-numbered\" href=\"#\" data-page=\"4\">4<\/a>\n<a class=\"lae-page-nav lae-numbered\" href=\"#\" data-page=\"5\">5<\/a>\n<a class=\"lae-page-nav lae-numbered\" href=\"#\" data-page=\"6\">6<\/a>\n<a class=\"lae-page-nav\" href=\"#\" data-page=\"next\"><i class=\"lae-icon-arrow-right3\"><\/i><\/a><span class=\"lae-loading\"><\/span><\/div><!-- .lae-pagination --><\/div><!-- .block -->\t\t<\/div>\n\t\t\t\t<\/div>\n\t\t\t\t\t\t<\/div>\n\t\t\t\t\t<\/div>\n\t\t<\/div>\n\t\t\t\t\t\t\t\t<\/div>\n\t\t\t\t\t<\/div>\n\t\t<\/section>\n\t\t\t\t\t\t<\/div>\n\t\t\t\t\t\t<\/div>\n\t\t\t\t\t<\/div>\n\t\t","protected":false},"excerpt":{"rendered":"<p>TVU TUY\u1ec2N SINH &#8220;QU\u1ea2N L\u00dd B\u1ec6NH VI\u1ec6N&#8221; 2025-CHI\u00caU SINH L\u1edaP TH\u1ef0C H\u00c0NH SI\u00caU \u00c2M S\u1ea2N PH\u1ee4 KHOA TUY\u1ec2N SINH CDNN B\u00c1C S\u0128, BS Y H\u1eccC D\u1ef0 PH\u00d2NG TVU TUY\u1ec2N SINH [&hellip;]<\/p>\n","protected":false},"author":1,"featured_media":0,"parent":0,"menu_order":0,"comment_status":"closed","ping_status":"closed","template":"","meta":[],"_links":{"self":[{"href":"https:\/\/rdi.edu.vn\/index.php\/wp-json\/wp\/v2\/pages\/12405"}],"collection":[{"href":"https:\/\/rdi.edu.vn\/index.php\/wp-json\/wp\/v2\/pages"}],"about":[{"href":"https:\/\/rdi.edu.vn\/index.php\/wp-json\/wp\/v2\/types\/page"}],"author":[{"embeddable":true,"href":"https:\/\/rdi.edu.vn\/index.php\/wp-json\/wp\/v2\/users\/1"}],"replies":[{"embeddable":true,"href":"https:\/\/rdi.edu.vn\/index.php\/wp-json\/wp\/v2\/comments?post=12405"}],"version-history":[{"count":21,"href":"https:\/\/rdi.edu.vn\/index.php\/wp-json\/wp\/v2\/pages\/12405\/revisions"}],"predecessor-version":[{"id":21513,"href":"https:\/\/rdi.edu.vn\/index.php\/wp-json\/wp\/v2\/pages\/12405\/revisions\/21513"}],"wp:attachment":[{"href":"https:\/\/rdi.edu.vn\/index.php\/wp-json\/wp\/v2\/media?parent=12405"}],"curies":[{"name":"wp","href":"https:\/\/api.w.org\/{rel}","templated":true}]}}